{"id":62176,"date":"2026-01-21T09:49:12","date_gmt":"2026-01-21T08:49:12","guid":{"rendered":"https:\/\/giacobbegioielli.it\/prodotto\/vetro-bracciale-start-fiaba-dinverno\/"},"modified":"2026-01-21T09:49:12","modified_gmt":"2026-01-21T08:49:12","slug":"vetro-bracciale-start-fiaba-dinverno","status":"publish","type":"product","link":"https:\/\/giacobbegioielli.it\/en\/product\/vetro-bracciale-start-fiaba-dinverno\/","title":{"rendered":"Vetro Bracciale Start Fiaba d&#8217;Inverno"},"content":{"rendered":"<p>Amore, speranza e buona volont\u00e0: questa \u00e8 l&#8217;anima della stella di Natale.<br \/>\nQuesta perla \u00e8 un componente in edizione limitata del bracciale di design Poinsettia Bracelet.<\/p>","protected":false},"excerpt":{"rendered":"<p>Amore, speranza e buona volont\u00e0: questa \u00e8 l&#8217;anima della stella di Natale. Questa perla \u00e8 un componente in edizione limitata del bracciale di design Poinsettia Bracelet.<\/p>","protected":false},"featured_media":62164,"template":"","meta":[],"product_cat":[1211,1208,1207,1213],"product_tag":[],"class_list":{"0":"post-62176","1":"product","2":"type-product","3":"status-publish","4":"has-post-thumbnail","6":"product_cat-beads-mondo-trollbeads-trollbeads","7":"product_cat-mondo-trollbeads-trollbeads","8":"product_cat-trollbeads","9":"product_cat-vetri-beads-mondo-trollbeads-trollbeads","11":"first","12":"instock","13":"sale","14":"taxable","15":"shipping-taxable","16":"purchasable","17":"product-type-simple"},"yoast_head":"<!-- This site is optimized with the Yoast SEO plugin v21.3 - https:\/\/yoast.com\/wordpress\/plugins\/seo\/ -->\n<title>Vetro Bracciale Start Fiaba d&#039;Inverno - Giacobbe Gioielli<\/title>\n<meta name=\"robots\" content=\"index, follow, max-snippet:-1, max-image-preview:large, max-video-preview:-1\" \/>\n<link rel=\"canonical\" href=\"https:\/\/giacobbegioielli.it\/en\/product\/vetro-bracciale-start-fiaba-dinverno\/\" \/>\n<meta property=\"og:locale\" content=\"en_GB\" \/>\n<meta property=\"og:type\" content=\"article\" \/>\n<meta property=\"og:title\" content=\"Vetro Bracciale Start Fiaba d&#039;Inverno - Giacobbe Gioielli\" \/>\n<meta property=\"og:description\" content=\"Amore, speranza e buona volont\u00e0: questa \u00e8 l&#8217;anima della stella di Natale. Questa perla \u00e8 un componente in edizione limitata del bracciale di design Poinsettia Bracelet.\" \/>\n<meta property=\"og:url\" content=\"https:\/\/giacobbegioielli.it\/en\/product\/vetro-bracciale-start-fiaba-dinverno\/\" \/>\n<meta property=\"og:site_name\" content=\"Giacobbe Gioielli\" \/>\n<meta name=\"twitter:card\" content=\"summary_large_image\" \/>\n<script type=\"application\/ld+json\" class=\"yoast-schema-graph\">{\"@context\":\"https:\/\/schema.org\",\"@graph\":[{\"@type\":\"WebPage\",\"@id\":\"https:\/\/giacobbegioielli.it\/prodotto\/vetro-bracciale-start-fiaba-dinverno\/\",\"url\":\"https:\/\/giacobbegioielli.it\/prodotto\/vetro-bracciale-start-fiaba-dinverno\/\",\"name\":\"Vetro Bracciale Start Fiaba d'Inverno - Giacobbe Gioielli\",\"isPartOf\":{\"@id\":\"https:\/\/giacobbegioielli.it\/#website\"},\"datePublished\":\"2026-01-21T08:49:12+00:00\",\"dateModified\":\"2026-01-21T08:49:12+00:00\",\"breadcrumb\":{\"@id\":\"https:\/\/giacobbegioielli.it\/prodotto\/vetro-bracciale-start-fiaba-dinverno\/#breadcrumb\"},\"inLanguage\":\"en-GB\",\"potentialAction\":[{\"@type\":\"ReadAction\",\"target\":[\"https:\/\/giacobbegioielli.it\/prodotto\/vetro-bracciale-start-fiaba-dinverno\/\"]}]},{\"@type\":\"BreadcrumbList\",\"@id\":\"https:\/\/giacobbegioielli.it\/prodotto\/vetro-bracciale-start-fiaba-dinverno\/#breadcrumb\",\"itemListElement\":[{\"@type\":\"ListItem\",\"position\":1,\"name\":\"Home\",\"item\":\"https:\/\/giacobbegioielli.it\/\"},{\"@type\":\"ListItem\",\"position\":2,\"name\":\"Negozio\",\"item\":\"https:\/\/giacobbegioielli.it\/negozio\/\"},{\"@type\":\"ListItem\",\"position\":3,\"name\":\"Vetro Bracciale Start Fiaba d&#8217;Inverno\"}]},{\"@type\":\"WebSite\",\"@id\":\"https:\/\/giacobbegioielli.it\/#website\",\"url\":\"https:\/\/giacobbegioielli.it\/\",\"name\":\"Giacobbe Gioielli\",\"description\":\"Un nuovo sito targato WordPress\",\"potentialAction\":[{\"@type\":\"SearchAction\",\"target\":{\"@type\":\"EntryPoint\",\"urlTemplate\":\"https:\/\/giacobbegioielli.it\/?s={search_term_string}\"},\"query-input\":\"required name=search_term_string\"}],\"inLanguage\":\"en-GB\"}]}<\/script>\n<!-- \/ Yoast SEO plugin. -->","yoast_head_json":{"title":"Vetro Bracciale Start Fiaba d'Inverno - Giacobbe Gioielli","robots":{"index":"index","follow":"follow","max-snippet":"max-snippet:-1","max-image-preview":"max-image-preview:large","max-video-preview":"max-video-preview:-1"},"canonical":"https:\/\/giacobbegioielli.it\/en\/product\/vetro-bracciale-start-fiaba-dinverno\/","og_locale":"en_GB","og_type":"article","og_title":"Vetro Bracciale Start Fiaba d'Inverno - Giacobbe Gioielli","og_description":"Amore, speranza e buona volont\u00e0: questa \u00e8 l&#8217;anima della stella di Natale. Questa perla \u00e8 un componente in edizione limitata del bracciale di design Poinsettia Bracelet.","og_url":"https:\/\/giacobbegioielli.it\/en\/product\/vetro-bracciale-start-fiaba-dinverno\/","og_site_name":"Giacobbe Gioielli","twitter_card":"summary_large_image","schema":{"@context":"https:\/\/schema.org","@graph":[{"@type":"WebPage","@id":"https:\/\/giacobbegioielli.it\/prodotto\/vetro-bracciale-start-fiaba-dinverno\/","url":"https:\/\/giacobbegioielli.it\/prodotto\/vetro-bracciale-start-fiaba-dinverno\/","name":"Vetro Bracciale Start Fiaba d'Inverno - Giacobbe Gioielli","isPartOf":{"@id":"https:\/\/giacobbegioielli.it\/#website"},"datePublished":"2026-01-21T08:49:12+00:00","dateModified":"2026-01-21T08:49:12+00:00","breadcrumb":{"@id":"https:\/\/giacobbegioielli.it\/prodotto\/vetro-bracciale-start-fiaba-dinverno\/#breadcrumb"},"inLanguage":"en-GB","potentialAction":[{"@type":"ReadAction","target":["https:\/\/giacobbegioielli.it\/prodotto\/vetro-bracciale-start-fiaba-dinverno\/"]}]},{"@type":"BreadcrumbList","@id":"https:\/\/giacobbegioielli.it\/prodotto\/vetro-bracciale-start-fiaba-dinverno\/#breadcrumb","itemListElement":[{"@type":"ListItem","position":1,"name":"Home","item":"https:\/\/giacobbegioielli.it\/"},{"@type":"ListItem","position":2,"name":"Negozio","item":"https:\/\/giacobbegioielli.it\/negozio\/"},{"@type":"ListItem","position":3,"name":"Vetro Bracciale Start Fiaba d&#8217;Inverno"}]},{"@type":"WebSite","@id":"https:\/\/giacobbegioielli.it\/#website","url":"https:\/\/giacobbegioielli.it\/","name":"Giacobbe Gioielli","description":"Un nuovo sito targato WordPress","potentialAction":[{"@type":"SearchAction","target":{"@type":"EntryPoint","urlTemplate":"https:\/\/giacobbegioielli.it\/?s={search_term_string}"},"query-input":"required name=search_term_string"}],"inLanguage":"en-GB"}]}},"_links":{"self":[{"href":"https:\/\/giacobbegioielli.it\/en\/wp-json\/wp\/v2\/product\/62176","targetHints":{"allow":["GET"]}}],"collection":[{"href":"https:\/\/giacobbegioielli.it\/en\/wp-json\/wp\/v2\/product"}],"about":[{"href":"https:\/\/giacobbegioielli.it\/en\/wp-json\/wp\/v2\/types\/product"}],"wp:featuredmedia":[{"embeddable":true,"href":"https:\/\/giacobbegioielli.it\/en\/wp-json\/wp\/v2\/media\/62164"}],"wp:attachment":[{"href":"https:\/\/giacobbegioielli.it\/en\/wp-json\/wp\/v2\/media?parent=62176"}],"wp:term":[{"taxonomy":"product_cat","embeddable":true,"href":"https:\/\/giacobbegioielli.it\/en\/wp-json\/wp\/v2\/product_cat?post=62176"},{"taxonomy":"product_tag","embeddable":true,"href":"https:\/\/giacobbegioielli.it\/en\/wp-json\/wp\/v2\/product_tag?post=62176"}],"curies":[{"name":"wp","href":"https:\/\/api.w.org\/{rel}","templated":true}]}}