{"id":60771,"date":"2025-10-08T17:52:27","date_gmt":"2025-10-08T15:52:27","guid":{"rendered":"https:\/\/giacobbegioielli.it\/prodotto\/famiglia-amore\/"},"modified":"2025-10-22T10:22:33","modified_gmt":"2025-10-22T08:22:33","slug":"famiglia-amore","status":"publish","type":"product","link":"https:\/\/giacobbegioielli.it\/en\/product\/famiglia-amore\/","title":{"rendered":"Famiglia &Egrave; amore"},"content":{"rendered":"<p>Descrizione prodotto<br \/>\nBracciale regolabile da uomo in acciaio con pietre multicolor lisce, lucide e faccettate di diverse dimensioni. Scritta &#8220;FAMIGLIA \u00c8 AMORE&#8221;.<br \/>\n\u2022 Dimensione delle pietre: \u00d8 4, 1.5x\u00d83.7, 2.5x\u00d84.5 mm<br \/>\n\u2022 Misura regolabile, lunghezza da 19 a 21 cm<br \/>\n\u2022 Materiale: Acciaio 316L, Pietre<br \/>\n\u2022 Immagine indicativa in quanto trattandosi di pietre naturali i colori del bracciale potrebbero variare<\/p>\n<p>Garanzia e Sicurezza<br \/>\nLe immagini di alcuni prodotti sono indicative in quanto i colori delle pietre naturali potrebbero variare. Tutti i gioielli Kidult sono realizzati in acciaio 316L ipoallergenico. Possono essere presenti inserti in acciaio 304, oro 375\/\u00b0\u00b0\u00b0, argento 925\/\u00b0\u00b0\u00b0, bronzo, ottone, pietre naturali e sintetiche, perle, diamanti lab-grown, cristalli, zirconi, ceramica, silicone, nylon, pelle e similpelle. La loro produzione segue rigorosamente le normative italiane e internazionali vigenti. La garanzia \u00e8 valida 2 anni dalla data di acquisto. Da tale garanzia sono esclusi tutti i danni dovuti a incuria, utilizzo improprio, alterazioni o riparazioni non autorizzate del gioiello. Per i prodotti coperti da garanzia l\u2019azienda si riserva la possibilit\u00e0 di ripararli, sostituirli con i medesimi modelli o sostituirli con altri di pari o superiore valore. Mabina Spa informa che, raramente, potrebbero manifestarsi reazioni allergiche al contatto prolungato col gioiello. In tal caso si raccomanda di interromperne l\u2019uso. I gioielli contengono parti di piccole dimensioni. Si raccomanda l\u2019utilizzo sotto la sorveglianza di un adulto. Regolamento (UE) 2023\/988.<\/p>","protected":false},"excerpt":{"rendered":"<p>Descrizione prodotto Bracciale regolabile da uomo in acciaio con pietre multicolor lisce, lucide e faccettate di diverse dimensioni. Scritta &#8220;FAMIGLIA \u00c8 AMORE&#8221;. \u2022 Dimensione delle pietre: \u00d8 4, 1.5x\u00d83.7, 2.5x\u00d84.5 mm \u2022 Misura regolabile, lunghezza da 19 a 21 cm &hellip; <a class=\"kt-excerpt-readmore more-link\" href=\"https:\/\/giacobbegioielli.it\/en\/product\/famiglia-amore\/\" aria-label=\"Famiglia &Egrave; amore\">Leggi altro<\/a><\/p>","protected":false},"featured_media":60750,"template":"","meta":[],"product_cat":[1153,1164,1095,1152],"product_tag":[],"class_list":{"0":"post-60771","1":"product","2":"type-product","3":"status-publish","4":"has-post-thumbnail","6":"product_cat-bracciali-uomo-uomo-b","7":"product_cat-familyub-bracciali-uomo-uomo-b","8":"product_cat-kidult-life-collection","9":"product_cat-uomo-b","11":"first","12":"outofstock","13":"taxable","14":"shipping-taxable","15":"purchasable","16":"product-type-simple"},"yoast_head":"<!-- This site is optimized with the Yoast SEO plugin v21.3 - https:\/\/yoast.com\/wordpress\/plugins\/seo\/ -->\n<title>Famiglia &Egrave; amore - Giacobbe Gioielli<\/title>\n<meta name=\"robots\" content=\"index, follow, max-snippet:-1, max-image-preview:large, max-video-preview:-1\" \/>\n<link rel=\"canonical\" href=\"https:\/\/giacobbegioielli.it\/en\/product\/famiglia-amore\/\" \/>\n<meta property=\"og:locale\" content=\"en_GB\" \/>\n<meta property=\"og:type\" content=\"article\" \/>\n<meta property=\"og:title\" content=\"Famiglia &Egrave; amore - Giacobbe Gioielli\" \/>\n<meta property=\"og:description\" content=\"Descrizione prodotto Bracciale regolabile da uomo in acciaio con pietre multicolor lisce, lucide e faccettate di diverse dimensioni. Scritta &#8220;FAMIGLIA \u00c8 AMORE&#8221;. \u2022 Dimensione delle pietre: \u00d8 4, 1.5x\u00d83.7, 2.5x\u00d84.5 mm \u2022 Misura regolabile, lunghezza da 19 a 21 cm &hellip; Leggi altro\" \/>\n<meta property=\"og:url\" content=\"https:\/\/giacobbegioielli.it\/en\/product\/famiglia-amore\/\" \/>\n<meta property=\"og:site_name\" content=\"Giacobbe Gioielli\" \/>\n<meta property=\"article:modified_time\" content=\"2025-10-22T08:22:33+00:00\" \/>\n<meta property=\"og:image\" content=\"https:\/\/giacobbegioielli.it\/wp-content\/uploads\/2025\/10\/732376-000-17950.jpg\" \/>\n\t<meta property=\"og:image:width\" content=\"2000\" \/>\n\t<meta property=\"og:image:height\" content=\"2000\" \/>\n\t<meta property=\"og:image:type\" content=\"image\/jpeg\" \/>\n<meta name=\"twitter:card\" content=\"summary_large_image\" \/>\n<meta name=\"twitter:label1\" content=\"Est. reading time\" \/>\n\t<meta name=\"twitter:data1\" content=\"1 minute\" \/>\n<script type=\"application\/ld+json\" class=\"yoast-schema-graph\">{\"@context\":\"https:\/\/schema.org\",\"@graph\":[{\"@type\":\"WebPage\",\"@id\":\"https:\/\/giacobbegioielli.it\/prodotto\/famiglia-amore\/\",\"url\":\"https:\/\/giacobbegioielli.it\/prodotto\/famiglia-amore\/\",\"name\":\"Famiglia &Egrave; amore - Giacobbe Gioielli\",\"isPartOf\":{\"@id\":\"https:\/\/giacobbegioielli.it\/#website\"},\"datePublished\":\"2025-10-08T15:52:27+00:00\",\"dateModified\":\"2025-10-22T08:22:33+00:00\",\"breadcrumb\":{\"@id\":\"https:\/\/giacobbegioielli.it\/prodotto\/famiglia-amore\/#breadcrumb\"},\"inLanguage\":\"en-GB\",\"potentialAction\":[{\"@type\":\"ReadAction\",\"target\":[\"https:\/\/giacobbegioielli.it\/prodotto\/famiglia-amore\/\"]}]},{\"@type\":\"BreadcrumbList\",\"@id\":\"https:\/\/giacobbegioielli.it\/prodotto\/famiglia-amore\/#breadcrumb\",\"itemListElement\":[{\"@type\":\"ListItem\",\"position\":1,\"name\":\"Home\",\"item\":\"https:\/\/giacobbegioielli.it\/\"},{\"@type\":\"ListItem\",\"position\":2,\"name\":\"Negozio\",\"item\":\"https:\/\/giacobbegioielli.it\/negozio\/\"},{\"@type\":\"ListItem\",\"position\":3,\"name\":\"Famiglia &Egrave; amore\"}]},{\"@type\":\"WebSite\",\"@id\":\"https:\/\/giacobbegioielli.it\/#website\",\"url\":\"https:\/\/giacobbegioielli.it\/\",\"name\":\"Giacobbe Gioielli\",\"description\":\"Un nuovo sito targato WordPress\",\"potentialAction\":[{\"@type\":\"SearchAction\",\"target\":{\"@type\":\"EntryPoint\",\"urlTemplate\":\"https:\/\/giacobbegioielli.it\/?s={search_term_string}\"},\"query-input\":\"required name=search_term_string\"}],\"inLanguage\":\"en-GB\"}]}<\/script>\n<!-- \/ Yoast SEO plugin. -->","yoast_head_json":{"title":"Famiglia &Egrave; amore - Giacobbe Gioielli","robots":{"index":"index","follow":"follow","max-snippet":"max-snippet:-1","max-image-preview":"max-image-preview:large","max-video-preview":"max-video-preview:-1"},"canonical":"https:\/\/giacobbegioielli.it\/en\/product\/famiglia-amore\/","og_locale":"en_GB","og_type":"article","og_title":"Famiglia &Egrave; amore - Giacobbe Gioielli","og_description":"Descrizione prodotto Bracciale regolabile da uomo in acciaio con pietre multicolor lisce, lucide e faccettate di diverse dimensioni. Scritta &#8220;FAMIGLIA \u00c8 AMORE&#8221;. \u2022 Dimensione delle pietre: \u00d8 4, 1.5x\u00d83.7, 2.5x\u00d84.5 mm \u2022 Misura regolabile, lunghezza da 19 a 21 cm &hellip; Leggi altro","og_url":"https:\/\/giacobbegioielli.it\/en\/product\/famiglia-amore\/","og_site_name":"Giacobbe Gioielli","article_modified_time":"2025-10-22T08:22:33+00:00","og_image":[{"width":2000,"height":2000,"url":"https:\/\/giacobbegioielli.it\/wp-content\/uploads\/2025\/10\/732376-000-17950.jpg","type":"image\/jpeg"}],"twitter_card":"summary_large_image","twitter_misc":{"Est. reading time":"1 minute"},"schema":{"@context":"https:\/\/schema.org","@graph":[{"@type":"WebPage","@id":"https:\/\/giacobbegioielli.it\/prodotto\/famiglia-amore\/","url":"https:\/\/giacobbegioielli.it\/prodotto\/famiglia-amore\/","name":"Famiglia &Egrave; amore - Giacobbe Gioielli","isPartOf":{"@id":"https:\/\/giacobbegioielli.it\/#website"},"datePublished":"2025-10-08T15:52:27+00:00","dateModified":"2025-10-22T08:22:33+00:00","breadcrumb":{"@id":"https:\/\/giacobbegioielli.it\/prodotto\/famiglia-amore\/#breadcrumb"},"inLanguage":"en-GB","potentialAction":[{"@type":"ReadAction","target":["https:\/\/giacobbegioielli.it\/prodotto\/famiglia-amore\/"]}]},{"@type":"BreadcrumbList","@id":"https:\/\/giacobbegioielli.it\/prodotto\/famiglia-amore\/#breadcrumb","itemListElement":[{"@type":"ListItem","position":1,"name":"Home","item":"https:\/\/giacobbegioielli.it\/"},{"@type":"ListItem","position":2,"name":"Negozio","item":"https:\/\/giacobbegioielli.it\/negozio\/"},{"@type":"ListItem","position":3,"name":"Famiglia &Egrave; amore"}]},{"@type":"WebSite","@id":"https:\/\/giacobbegioielli.it\/#website","url":"https:\/\/giacobbegioielli.it\/","name":"Giacobbe Gioielli","description":"Un nuovo sito targato WordPress","potentialAction":[{"@type":"SearchAction","target":{"@type":"EntryPoint","urlTemplate":"https:\/\/giacobbegioielli.it\/?s={search_term_string}"},"query-input":"required name=search_term_string"}],"inLanguage":"en-GB"}]}},"_links":{"self":[{"href":"https:\/\/giacobbegioielli.it\/en\/wp-json\/wp\/v2\/product\/60771","targetHints":{"allow":["GET"]}}],"collection":[{"href":"https:\/\/giacobbegioielli.it\/en\/wp-json\/wp\/v2\/product"}],"about":[{"href":"https:\/\/giacobbegioielli.it\/en\/wp-json\/wp\/v2\/types\/product"}],"wp:featuredmedia":[{"embeddable":true,"href":"https:\/\/giacobbegioielli.it\/en\/wp-json\/wp\/v2\/media\/60750"}],"wp:attachment":[{"href":"https:\/\/giacobbegioielli.it\/en\/wp-json\/wp\/v2\/media?parent=60771"}],"wp:term":[{"taxonomy":"product_cat","embeddable":true,"href":"https:\/\/giacobbegioielli.it\/en\/wp-json\/wp\/v2\/product_cat?post=60771"},{"taxonomy":"product_tag","embeddable":true,"href":"https:\/\/giacobbegioielli.it\/en\/wp-json\/wp\/v2\/product_tag?post=60771"}],"curies":[{"name":"wp","href":"https:\/\/api.w.org\/{rel}","templated":true}]}}