{"id":57850,"date":"2025-06-17T19:10:55","date_gmt":"2025-06-17T17:10:55","guid":{"rendered":"https:\/\/giacobbegioielli.it\/prodotto\/anello-ya-ves\/"},"modified":"2025-06-17T19:10:55","modified_gmt":"2025-06-17T17:10:55","slug":"anello-ya-ves","status":"publish","type":"product","link":"https:\/\/giacobbegioielli.it\/en\/product\/anello-ya-ves\/","title":{"rendered":"ANELLO YA VES"},"content":{"rendered":"<p>ANI0407<\/p>\n<p>\nInconfondibile anello UNOde50, bagnato nell&#8217;argento con un&#8217;originale forma a chiave. Questo gioiello \u00e8 un&#8217;icona dell&#8217;azienda, ha un design attraente ed \u00e8 l&#8217;accessorio ideale per le donne pi\u00f9 audaci, che potranno indossarlo in qualsiasi occasione. \u00c8 fatto in Spagna, seguendo un processo totalmente artigianale, da UNOde50. Disponibile in diverse dimensioni.&nbsp;<\/p>","protected":false},"excerpt":{"rendered":"<p>ANI0407 Inconfondibile anello UNOde50, bagnato nell&#8217;argento con un&#8217;originale forma a chiave. Questo gioiello \u00e8 un&#8217;icona dell&#8217;azienda, ha un design attraente ed \u00e8 l&#8217;accessorio ideale per le donne pi\u00f9 audaci, che potranno indossarlo in qualsiasi occasione. \u00c8 fatto in Spagna, seguendo &hellip; <a class=\"kt-excerpt-readmore more-link\" href=\"https:\/\/giacobbegioielli.it\/en\/product\/anello-ya-ves\/\" aria-label=\"ANELLO YA VES\">Leggi altro<\/a><\/p>","protected":false},"featured_media":57819,"template":"","meta":[],"product_cat":[1512,1502],"product_tag":[],"class_list":{"0":"post-57850","1":"product","2":"type-product","3":"status-publish","4":"has-post-thumbnail","6":"product_cat-anelli-unode50-unode50","7":"product_cat-unode50","9":"first","10":"instock","11":"taxable","12":"shipping-taxable","13":"purchasable","14":"product-type-variable"},"yoast_head":"<!-- This site is optimized with the Yoast SEO plugin v21.3 - https:\/\/yoast.com\/wordpress\/plugins\/seo\/ -->\n<title>ANELLO YA VES - Giacobbe Gioielli<\/title>\n<meta name=\"robots\" content=\"index, follow, max-snippet:-1, max-image-preview:large, max-video-preview:-1\" \/>\n<link rel=\"canonical\" href=\"https:\/\/giacobbegioielli.it\/en\/product\/anello-ya-ves\/\" \/>\n<meta property=\"og:locale\" content=\"en_GB\" \/>\n<meta property=\"og:type\" content=\"article\" \/>\n<meta property=\"og:title\" content=\"ANELLO YA VES - Giacobbe Gioielli\" \/>\n<meta property=\"og:description\" content=\"ANI0407 Inconfondibile anello UNOde50, bagnato nell&#8217;argento con un&#8217;originale forma a chiave. Questo gioiello \u00e8 un&#8217;icona dell&#8217;azienda, ha un design attraente ed \u00e8 l&#8217;accessorio ideale per le donne pi\u00f9 audaci, che potranno indossarlo in qualsiasi occasione. \u00c8 fatto in Spagna, seguendo &hellip; Leggi altro\" \/>\n<meta property=\"og:url\" content=\"https:\/\/giacobbegioielli.it\/en\/product\/anello-ya-ves\/\" \/>\n<meta property=\"og:site_name\" content=\"Giacobbe Gioielli\" \/>\n<meta name=\"twitter:card\" content=\"summary_large_image\" \/>\n<script type=\"application\/ld+json\" class=\"yoast-schema-graph\">{\"@context\":\"https:\/\/schema.org\",\"@graph\":[{\"@type\":\"WebPage\",\"@id\":\"https:\/\/giacobbegioielli.it\/prodotto\/anello-ya-ves\/\",\"url\":\"https:\/\/giacobbegioielli.it\/prodotto\/anello-ya-ves\/\",\"name\":\"ANELLO YA VES - Giacobbe Gioielli\",\"isPartOf\":{\"@id\":\"https:\/\/giacobbegioielli.it\/#website\"},\"datePublished\":\"2025-06-17T17:10:55+00:00\",\"dateModified\":\"2025-06-17T17:10:55+00:00\",\"breadcrumb\":{\"@id\":\"https:\/\/giacobbegioielli.it\/prodotto\/anello-ya-ves\/#breadcrumb\"},\"inLanguage\":\"en-GB\",\"potentialAction\":[{\"@type\":\"ReadAction\",\"target\":[\"https:\/\/giacobbegioielli.it\/prodotto\/anello-ya-ves\/\"]}]},{\"@type\":\"BreadcrumbList\",\"@id\":\"https:\/\/giacobbegioielli.it\/prodotto\/anello-ya-ves\/#breadcrumb\",\"itemListElement\":[{\"@type\":\"ListItem\",\"position\":1,\"name\":\"Home\",\"item\":\"https:\/\/giacobbegioielli.it\/\"},{\"@type\":\"ListItem\",\"position\":2,\"name\":\"Negozio\",\"item\":\"https:\/\/giacobbegioielli.it\/negozio\/\"},{\"@type\":\"ListItem\",\"position\":3,\"name\":\"ANELLO YA VES\"}]},{\"@type\":\"WebSite\",\"@id\":\"https:\/\/giacobbegioielli.it\/#website\",\"url\":\"https:\/\/giacobbegioielli.it\/\",\"name\":\"Giacobbe Gioielli\",\"description\":\"Un nuovo sito targato WordPress\",\"potentialAction\":[{\"@type\":\"SearchAction\",\"target\":{\"@type\":\"EntryPoint\",\"urlTemplate\":\"https:\/\/giacobbegioielli.it\/?s={search_term_string}\"},\"query-input\":\"required name=search_term_string\"}],\"inLanguage\":\"en-GB\"}]}<\/script>\n<!-- \/ Yoast SEO plugin. -->","yoast_head_json":{"title":"ANELLO YA VES - Giacobbe Gioielli","robots":{"index":"index","follow":"follow","max-snippet":"max-snippet:-1","max-image-preview":"max-image-preview:large","max-video-preview":"max-video-preview:-1"},"canonical":"https:\/\/giacobbegioielli.it\/en\/product\/anello-ya-ves\/","og_locale":"en_GB","og_type":"article","og_title":"ANELLO YA VES - Giacobbe Gioielli","og_description":"ANI0407 Inconfondibile anello UNOde50, bagnato nell&#8217;argento con un&#8217;originale forma a chiave. Questo gioiello \u00e8 un&#8217;icona dell&#8217;azienda, ha un design attraente ed \u00e8 l&#8217;accessorio ideale per le donne pi\u00f9 audaci, che potranno indossarlo in qualsiasi occasione. \u00c8 fatto in Spagna, seguendo &hellip; Leggi altro","og_url":"https:\/\/giacobbegioielli.it\/en\/product\/anello-ya-ves\/","og_site_name":"Giacobbe Gioielli","twitter_card":"summary_large_image","schema":{"@context":"https:\/\/schema.org","@graph":[{"@type":"WebPage","@id":"https:\/\/giacobbegioielli.it\/prodotto\/anello-ya-ves\/","url":"https:\/\/giacobbegioielli.it\/prodotto\/anello-ya-ves\/","name":"ANELLO YA VES - Giacobbe Gioielli","isPartOf":{"@id":"https:\/\/giacobbegioielli.it\/#website"},"datePublished":"2025-06-17T17:10:55+00:00","dateModified":"2025-06-17T17:10:55+00:00","breadcrumb":{"@id":"https:\/\/giacobbegioielli.it\/prodotto\/anello-ya-ves\/#breadcrumb"},"inLanguage":"en-GB","potentialAction":[{"@type":"ReadAction","target":["https:\/\/giacobbegioielli.it\/prodotto\/anello-ya-ves\/"]}]},{"@type":"BreadcrumbList","@id":"https:\/\/giacobbegioielli.it\/prodotto\/anello-ya-ves\/#breadcrumb","itemListElement":[{"@type":"ListItem","position":1,"name":"Home","item":"https:\/\/giacobbegioielli.it\/"},{"@type":"ListItem","position":2,"name":"Negozio","item":"https:\/\/giacobbegioielli.it\/negozio\/"},{"@type":"ListItem","position":3,"name":"ANELLO YA VES"}]},{"@type":"WebSite","@id":"https:\/\/giacobbegioielli.it\/#website","url":"https:\/\/giacobbegioielli.it\/","name":"Giacobbe Gioielli","description":"Un nuovo sito targato WordPress","potentialAction":[{"@type":"SearchAction","target":{"@type":"EntryPoint","urlTemplate":"https:\/\/giacobbegioielli.it\/?s={search_term_string}"},"query-input":"required name=search_term_string"}],"inLanguage":"en-GB"}]}},"_links":{"self":[{"href":"https:\/\/giacobbegioielli.it\/en\/wp-json\/wp\/v2\/product\/57850","targetHints":{"allow":["GET"]}}],"collection":[{"href":"https:\/\/giacobbegioielli.it\/en\/wp-json\/wp\/v2\/product"}],"about":[{"href":"https:\/\/giacobbegioielli.it\/en\/wp-json\/wp\/v2\/types\/product"}],"wp:featuredmedia":[{"embeddable":true,"href":"https:\/\/giacobbegioielli.it\/en\/wp-json\/wp\/v2\/media\/57819"}],"wp:attachment":[{"href":"https:\/\/giacobbegioielli.it\/en\/wp-json\/wp\/v2\/media?parent=57850"}],"wp:term":[{"taxonomy":"product_cat","embeddable":true,"href":"https:\/\/giacobbegioielli.it\/en\/wp-json\/wp\/v2\/product_cat?post=57850"},{"taxonomy":"product_tag","embeddable":true,"href":"https:\/\/giacobbegioielli.it\/en\/wp-json\/wp\/v2\/product_tag?post=57850"}],"curies":[{"name":"wp","href":"https:\/\/api.w.org\/{rel}","templated":true}]}}