{"id":57633,"date":"2025-06-03T12:47:29","date_gmt":"2025-06-03T10:47:29","guid":{"rendered":"https:\/\/giacobbegioielli.it\/prodotto\/solo-tuo-4\/"},"modified":"2025-06-03T12:47:29","modified_gmt":"2025-06-03T10:47:29","slug":"solo-tuo-4","status":"publish","type":"product","link":"https:\/\/giacobbegioielli.it\/en\/product\/solo-tuo-4\/","title":{"rendered":"SOLO TUO"},"content":{"rendered":"<p>\nBracciale in argento rosato con catena forzatina con ciondoli sovrapposti a forma di cuore.533638<\/p>\n<p> Il ciondolo principale pu\u00f2 essere personalizzato attraverso l&#8217;incisione di date, <br \/>iniziali o nomi mentre l&#8217;elemento mentre il cuore pav\u00e8 conferisce lumonisit\u00e0 al gioiello.<br \/>\u2022 Dimensione del ciondolo: 2.8 x 6.3 mm<br \/>\u2022 Dimensione degli zirconi: 1.25 e 2 mm<br \/>\u2022 Chiusura con moschettone<br \/>\u2022 Misura regolabile, lunghezza regolabile da 16 a 19 cm<br \/>\u2022 Materiale: Argento 925 rosato, Zirconi<\/p>\n<p>Cura del prodotto<\/p>\n<p>Acqua, raggi solari o contatto con composti chimici (creme, profumi, detersivi, ecc.) possono danneggiare o scolorire i gioielli. Si consiglia di evitare di indossarli durante l\u2019esercizio fisico. \u00c8 fisiologico che con l\u2019usura e con lo sfregamento fra i differenti materiali, si possa formare una leggera ossidazione. Per la pulizia \u00e8 sufficiente immergerli in acqua tiepida con alcune gocce di sapone con ph naturale, rimuovere lo sporco con uno spazzolino ed infine asciugarli con un panno morbido. MABINA consiglia di trattare i propri gioielli con la stessa cura che si riserva alle cose pi\u00f9 care.<br \/>Rodiatura La rodiatura \u00e8 un trattamento fatto sulla superfice del gioiello per conferirgli luce e brillantezza. Per mantenere questo effetto il pi\u00f9 a lungo possibile consigliamo di non pulirlo con panni o liquidi abrasivi, ma di utilizzare semplicemente panni morbidi e acqua.<\/p>\n<p>Gemme<br \/> Le pietre preziose, semipreziose e naturali utilizzate nei gioielli MABINA sono accuratamente misurate, esaminate e selezionate.<\/p>\n<p>Garanzia<br \/>Tutti i gioielli MABINA sono realizzati in argento 925\/\u00b0\u00b0\u00b0 e con metodi di lavorazione che rispettano le vigenti normative italiane ed internazionali. La garanzia \u00e8 valida 2 anni dalla data di acquisto. Da tale garanzia sono esclusi tutti i danni dovuti a incuria, utilizzo improprio, alterazioni o riparazioni non autorizzate del gioiello. Per i prodotti coperti da garanzia MABINA si riserva la possibilit\u00e0 di ripararli, sostituirli con i medesimi modelli o sostituirli con altri di pari o superiore valore.&nbsp;<\/p>","protected":false},"excerpt":{"rendered":"<p>Bracciale in argento rosato con catena forzatina con ciondoli sovrapposti a forma di cuore.533638 Il ciondolo principale pu\u00f2 essere personalizzato attraverso l&#8217;incisione di date, iniziali o nomi mentre l&#8217;elemento mentre il cuore pav\u00e8 conferisce lumonisit\u00e0 al gioiello.\u2022 Dimensione del ciondolo: &hellip; <a class=\"kt-excerpt-readmore more-link\" href=\"https:\/\/giacobbegioielli.it\/en\/product\/solo-tuo-4\/\" aria-label=\"SOLO TUO\">Leggi altro<\/a><\/p>","protected":false},"featured_media":0,"template":"","meta":[],"product_cat":[1667,1665],"product_tag":[],"class_list":{"0":"post-57633","1":"product","2":"type-product","3":"status-publish","5":"product_cat-bracciali-mabina","6":"product_cat-mabina-gioielli","8":"first","9":"instock","10":"taxable","11":"shipping-taxable","12":"purchasable","13":"product-type-simple"},"yoast_head":"<!-- This site is optimized with the Yoast SEO plugin v21.3 - https:\/\/yoast.com\/wordpress\/plugins\/seo\/ -->\n<title>SOLO TUO - Giacobbe Gioielli<\/title>\n<meta name=\"robots\" content=\"index, follow, max-snippet:-1, max-image-preview:large, max-video-preview:-1\" \/>\n<link rel=\"canonical\" href=\"https:\/\/giacobbegioielli.it\/en\/product\/solo-tuo-4\/\" \/>\n<meta property=\"og:locale\" content=\"en_GB\" \/>\n<meta property=\"og:type\" content=\"article\" \/>\n<meta property=\"og:title\" content=\"SOLO TUO - Giacobbe Gioielli\" \/>\n<meta property=\"og:description\" content=\"Bracciale in argento rosato con catena forzatina con ciondoli sovrapposti a forma di cuore.533638 Il ciondolo principale pu\u00f2 essere personalizzato attraverso l&#8217;incisione di date, iniziali o nomi mentre l&#8217;elemento mentre il cuore pav\u00e8 conferisce lumonisit\u00e0 al gioiello.\u2022 Dimensione del ciondolo: &hellip; Leggi altro\" \/>\n<meta property=\"og:url\" content=\"https:\/\/giacobbegioielli.it\/en\/product\/solo-tuo-4\/\" \/>\n<meta property=\"og:site_name\" content=\"Giacobbe Gioielli\" \/>\n<meta name=\"twitter:card\" content=\"summary_large_image\" \/>\n<meta name=\"twitter:label1\" content=\"Est. reading time\" \/>\n\t<meta name=\"twitter:data1\" content=\"1 minute\" \/>\n<script type=\"application\/ld+json\" class=\"yoast-schema-graph\">{\"@context\":\"https:\/\/schema.org\",\"@graph\":[{\"@type\":\"WebPage\",\"@id\":\"https:\/\/giacobbegioielli.it\/prodotto\/solo-tuo-4\/\",\"url\":\"https:\/\/giacobbegioielli.it\/prodotto\/solo-tuo-4\/\",\"name\":\"SOLO TUO - Giacobbe Gioielli\",\"isPartOf\":{\"@id\":\"https:\/\/giacobbegioielli.it\/#website\"},\"datePublished\":\"2025-06-03T10:47:29+00:00\",\"dateModified\":\"2025-06-03T10:47:29+00:00\",\"breadcrumb\":{\"@id\":\"https:\/\/giacobbegioielli.it\/prodotto\/solo-tuo-4\/#breadcrumb\"},\"inLanguage\":\"en-GB\",\"potentialAction\":[{\"@type\":\"ReadAction\",\"target\":[\"https:\/\/giacobbegioielli.it\/prodotto\/solo-tuo-4\/\"]}]},{\"@type\":\"BreadcrumbList\",\"@id\":\"https:\/\/giacobbegioielli.it\/prodotto\/solo-tuo-4\/#breadcrumb\",\"itemListElement\":[{\"@type\":\"ListItem\",\"position\":1,\"name\":\"Home\",\"item\":\"https:\/\/giacobbegioielli.it\/\"},{\"@type\":\"ListItem\",\"position\":2,\"name\":\"Negozio\",\"item\":\"https:\/\/giacobbegioielli.it\/negozio\/\"},{\"@type\":\"ListItem\",\"position\":3,\"name\":\"SOLO TUO\"}]},{\"@type\":\"WebSite\",\"@id\":\"https:\/\/giacobbegioielli.it\/#website\",\"url\":\"https:\/\/giacobbegioielli.it\/\",\"name\":\"Giacobbe Gioielli\",\"description\":\"Un nuovo sito targato WordPress\",\"potentialAction\":[{\"@type\":\"SearchAction\",\"target\":{\"@type\":\"EntryPoint\",\"urlTemplate\":\"https:\/\/giacobbegioielli.it\/?s={search_term_string}\"},\"query-input\":\"required name=search_term_string\"}],\"inLanguage\":\"en-GB\"}]}<\/script>\n<!-- \/ Yoast SEO plugin. -->","yoast_head_json":{"title":"SOLO TUO - Giacobbe Gioielli","robots":{"index":"index","follow":"follow","max-snippet":"max-snippet:-1","max-image-preview":"max-image-preview:large","max-video-preview":"max-video-preview:-1"},"canonical":"https:\/\/giacobbegioielli.it\/en\/product\/solo-tuo-4\/","og_locale":"en_GB","og_type":"article","og_title":"SOLO TUO - Giacobbe Gioielli","og_description":"Bracciale in argento rosato con catena forzatina con ciondoli sovrapposti a forma di cuore.533638 Il ciondolo principale pu\u00f2 essere personalizzato attraverso l&#8217;incisione di date, iniziali o nomi mentre l&#8217;elemento mentre il cuore pav\u00e8 conferisce lumonisit\u00e0 al gioiello.\u2022 Dimensione del ciondolo: &hellip; Leggi altro","og_url":"https:\/\/giacobbegioielli.it\/en\/product\/solo-tuo-4\/","og_site_name":"Giacobbe Gioielli","twitter_card":"summary_large_image","twitter_misc":{"Est. reading time":"1 minute"},"schema":{"@context":"https:\/\/schema.org","@graph":[{"@type":"WebPage","@id":"https:\/\/giacobbegioielli.it\/prodotto\/solo-tuo-4\/","url":"https:\/\/giacobbegioielli.it\/prodotto\/solo-tuo-4\/","name":"SOLO TUO - Giacobbe Gioielli","isPartOf":{"@id":"https:\/\/giacobbegioielli.it\/#website"},"datePublished":"2025-06-03T10:47:29+00:00","dateModified":"2025-06-03T10:47:29+00:00","breadcrumb":{"@id":"https:\/\/giacobbegioielli.it\/prodotto\/solo-tuo-4\/#breadcrumb"},"inLanguage":"en-GB","potentialAction":[{"@type":"ReadAction","target":["https:\/\/giacobbegioielli.it\/prodotto\/solo-tuo-4\/"]}]},{"@type":"BreadcrumbList","@id":"https:\/\/giacobbegioielli.it\/prodotto\/solo-tuo-4\/#breadcrumb","itemListElement":[{"@type":"ListItem","position":1,"name":"Home","item":"https:\/\/giacobbegioielli.it\/"},{"@type":"ListItem","position":2,"name":"Negozio","item":"https:\/\/giacobbegioielli.it\/negozio\/"},{"@type":"ListItem","position":3,"name":"SOLO TUO"}]},{"@type":"WebSite","@id":"https:\/\/giacobbegioielli.it\/#website","url":"https:\/\/giacobbegioielli.it\/","name":"Giacobbe Gioielli","description":"Un nuovo sito targato WordPress","potentialAction":[{"@type":"SearchAction","target":{"@type":"EntryPoint","urlTemplate":"https:\/\/giacobbegioielli.it\/?s={search_term_string}"},"query-input":"required name=search_term_string"}],"inLanguage":"en-GB"}]}},"_links":{"self":[{"href":"https:\/\/giacobbegioielli.it\/en\/wp-json\/wp\/v2\/product\/57633","targetHints":{"allow":["GET"]}}],"collection":[{"href":"https:\/\/giacobbegioielli.it\/en\/wp-json\/wp\/v2\/product"}],"about":[{"href":"https:\/\/giacobbegioielli.it\/en\/wp-json\/wp\/v2\/types\/product"}],"wp:attachment":[{"href":"https:\/\/giacobbegioielli.it\/en\/wp-json\/wp\/v2\/media?parent=57633"}],"wp:term":[{"taxonomy":"product_cat","embeddable":true,"href":"https:\/\/giacobbegioielli.it\/en\/wp-json\/wp\/v2\/product_cat?post=57633"},{"taxonomy":"product_tag","embeddable":true,"href":"https:\/\/giacobbegioielli.it\/en\/wp-json\/wp\/v2\/product_tag?post=57633"}],"curies":[{"name":"wp","href":"https:\/\/api.w.org\/{rel}","templated":true}]}}