{"id":57505,"date":"2025-06-03T12:47:11","date_gmt":"2025-06-03T10:47:11","guid":{"rendered":"https:\/\/giacobbegioielli.it\/prodotto\/bali\/"},"modified":"2025-06-03T12:47:11","modified_gmt":"2025-06-03T10:47:11","slug":"bali","status":"publish","type":"product","link":"https:\/\/giacobbegioielli.it\/en\/product\/bali\/","title":{"rendered":"BALI"},"content":{"rendered":"<p>Descrizione prodotto<\/p>\n<p>Bracciale a maglia forzatina in argento rodiato con piastra con elemento ancora.<br \/>\n\u2022 Dimensione elemento: 9.60 x 11.60 mm<br \/>\n\u2022 Diametro degli zirconi: 1.75 mm<br \/>\n\u2022 Larghezza della catena: 3.60 mm<br \/>\n\u2022 Chiusura con moschettone<br \/>\n\u2022 Misura unica, lunghezza 21 cm<br \/>\n\u2022 Materiale: Argento 925, Zirconi<\/p>\n<p>Cura del prodotto<\/p>\n<p>Acqua, raggi solari o contatto con composti chimici (creme, profumi, detersivi, ecc.) possono danneggiare o scolorire i gioielli. Si consiglia di evitare di indossarli durante l\u2019esercizio fisico.<br \/>\n\u00c8 fisiologico che con l\u2019usura e con lo sfregamento fra i differenti materiali, si possa formare una leggera ossidazione.<br \/>\nPer la pulizia \u00e8 sufficiente immergerli in acqua tiepida con alcune gocce di sapone con ph naturale, rimuovere lo sporco con uno spazzolino ed infine asciugarli con un panno morbido.<br \/>\nMABINA consiglia di trattare i propri gioielli con la stessa cura che si riserva alle cose pi\u00f9 care.<\/p>\n<p>Brunitura<\/p>\n<p>La brunitura \u00e8 uno speciale trattamento che conferisce un colore nero ai dettagli di ogni prodotto. Nel tempo la brunitura tende ad affievolirsi ed \u00e8 considerata una condizione normale e non un difetto, pertanto non \u00e8 coperta da garanzia. La brunitura pu\u00f2 essere realizzata nuovamente da un orafo, ma MABINA non offre questo servizio post vendita.<\/p>\n<p>Gemme<\/p>\n<p>I diamanti, le pietre preziose, semipreziose e naturali utilizzate nei gioielli MABINA sono accuratamente misurate, esaminate e selezionate.<\/p>\n<p>Garanzia<\/p>\n<p>Tutti i gioielli MABINA sono realizzati in argento 925\/\u00b0\u00b0\u00b0 e con metodi di lavorazione che rispettano le vigenti normative italiane ed internazionali.<br \/>\nLa garanzia \u00e8 valida 2 anni dalla data di acquisto.<br \/>\nDa tale garanzia sono esclusi tutti i danni dovuti a incuria, utilizzo improprio, alterazioni o riparazioni non autorizzate del gioiello.<br \/>\nPer i prodotti coperti da garanzia MABINA si riserva la possibilit\u00e0 di ripararli, sostituirli con i medesimi modelli o sostituirli con altri di pari o superiore valore.<\/p>\n<p>Codice: 533576<\/p>","protected":false},"excerpt":{"rendered":"<p>Descrizione prodotto Bracciale a maglia forzatina in argento rodiato con piastra con elemento ancora. \u2022 Dimensione elemento: 9.60 x 11.60 mm \u2022 Diametro degli zirconi: 1.75 mm \u2022 Larghezza della catena: 3.60 mm \u2022 Chiusura con moschettone \u2022 Misura unica, &hellip; <a class=\"kt-excerpt-readmore more-link\" href=\"https:\/\/giacobbegioielli.it\/en\/product\/bali\/\" aria-label=\"BALI\">Leggi altro<\/a><\/p>","protected":false},"featured_media":57494,"template":"","meta":[],"product_cat":[1798,1796],"product_tag":[],"class_list":{"0":"post-57505","1":"product","2":"type-product","3":"status-publish","4":"has-post-thumbnail","6":"product_cat-bracciali-mabina-uomo","7":"product_cat-mabina-uomo-gioielli","9":"first","10":"instock","11":"taxable","12":"shipping-taxable","13":"purchasable","14":"product-type-simple"},"yoast_head":"<!-- This site is optimized with the Yoast SEO plugin v21.3 - https:\/\/yoast.com\/wordpress\/plugins\/seo\/ -->\n<title>BALI - Giacobbe Gioielli<\/title>\n<meta name=\"robots\" content=\"index, follow, max-snippet:-1, max-image-preview:large, max-video-preview:-1\" \/>\n<link rel=\"canonical\" href=\"https:\/\/giacobbegioielli.it\/en\/product\/bali\/\" \/>\n<meta property=\"og:locale\" content=\"en_GB\" \/>\n<meta property=\"og:type\" content=\"article\" \/>\n<meta property=\"og:title\" content=\"BALI - Giacobbe Gioielli\" \/>\n<meta property=\"og:description\" content=\"Descrizione prodotto Bracciale a maglia forzatina in argento rodiato con piastra con elemento ancora. \u2022 Dimensione elemento: 9.60 x 11.60 mm \u2022 Diametro degli zirconi: 1.75 mm \u2022 Larghezza della catena: 3.60 mm \u2022 Chiusura con moschettone \u2022 Misura unica, &hellip; Leggi altro\" \/>\n<meta property=\"og:url\" content=\"https:\/\/giacobbegioielli.it\/en\/product\/bali\/\" \/>\n<meta property=\"og:site_name\" content=\"Giacobbe Gioielli\" \/>\n<meta name=\"twitter:card\" content=\"summary_large_image\" \/>\n<meta name=\"twitter:label1\" content=\"Est. reading time\" \/>\n\t<meta name=\"twitter:data1\" content=\"1 minute\" \/>\n<script type=\"application\/ld+json\" class=\"yoast-schema-graph\">{\"@context\":\"https:\/\/schema.org\",\"@graph\":[{\"@type\":\"WebPage\",\"@id\":\"https:\/\/giacobbegioielli.it\/prodotto\/bali\/\",\"url\":\"https:\/\/giacobbegioielli.it\/prodotto\/bali\/\",\"name\":\"BALI - Giacobbe Gioielli\",\"isPartOf\":{\"@id\":\"https:\/\/giacobbegioielli.it\/#website\"},\"datePublished\":\"2025-06-03T10:47:11+00:00\",\"dateModified\":\"2025-06-03T10:47:11+00:00\",\"breadcrumb\":{\"@id\":\"https:\/\/giacobbegioielli.it\/prodotto\/bali\/#breadcrumb\"},\"inLanguage\":\"en-GB\",\"potentialAction\":[{\"@type\":\"ReadAction\",\"target\":[\"https:\/\/giacobbegioielli.it\/prodotto\/bali\/\"]}]},{\"@type\":\"BreadcrumbList\",\"@id\":\"https:\/\/giacobbegioielli.it\/prodotto\/bali\/#breadcrumb\",\"itemListElement\":[{\"@type\":\"ListItem\",\"position\":1,\"name\":\"Home\",\"item\":\"https:\/\/giacobbegioielli.it\/\"},{\"@type\":\"ListItem\",\"position\":2,\"name\":\"Negozio\",\"item\":\"https:\/\/giacobbegioielli.it\/negozio\/\"},{\"@type\":\"ListItem\",\"position\":3,\"name\":\"BALI\"}]},{\"@type\":\"WebSite\",\"@id\":\"https:\/\/giacobbegioielli.it\/#website\",\"url\":\"https:\/\/giacobbegioielli.it\/\",\"name\":\"Giacobbe Gioielli\",\"description\":\"Un nuovo sito targato WordPress\",\"potentialAction\":[{\"@type\":\"SearchAction\",\"target\":{\"@type\":\"EntryPoint\",\"urlTemplate\":\"https:\/\/giacobbegioielli.it\/?s={search_term_string}\"},\"query-input\":\"required name=search_term_string\"}],\"inLanguage\":\"en-GB\"}]}<\/script>\n<!-- \/ Yoast SEO plugin. -->","yoast_head_json":{"title":"BALI - Giacobbe Gioielli","robots":{"index":"index","follow":"follow","max-snippet":"max-snippet:-1","max-image-preview":"max-image-preview:large","max-video-preview":"max-video-preview:-1"},"canonical":"https:\/\/giacobbegioielli.it\/en\/product\/bali\/","og_locale":"en_GB","og_type":"article","og_title":"BALI - Giacobbe Gioielli","og_description":"Descrizione prodotto Bracciale a maglia forzatina in argento rodiato con piastra con elemento ancora. \u2022 Dimensione elemento: 9.60 x 11.60 mm \u2022 Diametro degli zirconi: 1.75 mm \u2022 Larghezza della catena: 3.60 mm \u2022 Chiusura con moschettone \u2022 Misura unica, &hellip; Leggi altro","og_url":"https:\/\/giacobbegioielli.it\/en\/product\/bali\/","og_site_name":"Giacobbe Gioielli","twitter_card":"summary_large_image","twitter_misc":{"Est. reading time":"1 minute"},"schema":{"@context":"https:\/\/schema.org","@graph":[{"@type":"WebPage","@id":"https:\/\/giacobbegioielli.it\/prodotto\/bali\/","url":"https:\/\/giacobbegioielli.it\/prodotto\/bali\/","name":"BALI - Giacobbe Gioielli","isPartOf":{"@id":"https:\/\/giacobbegioielli.it\/#website"},"datePublished":"2025-06-03T10:47:11+00:00","dateModified":"2025-06-03T10:47:11+00:00","breadcrumb":{"@id":"https:\/\/giacobbegioielli.it\/prodotto\/bali\/#breadcrumb"},"inLanguage":"en-GB","potentialAction":[{"@type":"ReadAction","target":["https:\/\/giacobbegioielli.it\/prodotto\/bali\/"]}]},{"@type":"BreadcrumbList","@id":"https:\/\/giacobbegioielli.it\/prodotto\/bali\/#breadcrumb","itemListElement":[{"@type":"ListItem","position":1,"name":"Home","item":"https:\/\/giacobbegioielli.it\/"},{"@type":"ListItem","position":2,"name":"Negozio","item":"https:\/\/giacobbegioielli.it\/negozio\/"},{"@type":"ListItem","position":3,"name":"BALI"}]},{"@type":"WebSite","@id":"https:\/\/giacobbegioielli.it\/#website","url":"https:\/\/giacobbegioielli.it\/","name":"Giacobbe Gioielli","description":"Un nuovo sito targato WordPress","potentialAction":[{"@type":"SearchAction","target":{"@type":"EntryPoint","urlTemplate":"https:\/\/giacobbegioielli.it\/?s={search_term_string}"},"query-input":"required name=search_term_string"}],"inLanguage":"en-GB"}]}},"_links":{"self":[{"href":"https:\/\/giacobbegioielli.it\/en\/wp-json\/wp\/v2\/product\/57505","targetHints":{"allow":["GET"]}}],"collection":[{"href":"https:\/\/giacobbegioielli.it\/en\/wp-json\/wp\/v2\/product"}],"about":[{"href":"https:\/\/giacobbegioielli.it\/en\/wp-json\/wp\/v2\/types\/product"}],"wp:featuredmedia":[{"embeddable":true,"href":"https:\/\/giacobbegioielli.it\/en\/wp-json\/wp\/v2\/media\/57494"}],"wp:attachment":[{"href":"https:\/\/giacobbegioielli.it\/en\/wp-json\/wp\/v2\/media?parent=57505"}],"wp:term":[{"taxonomy":"product_cat","embeddable":true,"href":"https:\/\/giacobbegioielli.it\/en\/wp-json\/wp\/v2\/product_cat?post=57505"},{"taxonomy":"product_tag","embeddable":true,"href":"https:\/\/giacobbegioielli.it\/en\/wp-json\/wp\/v2\/product_tag?post=57505"}],"curies":[{"name":"wp","href":"https:\/\/api.w.org\/{rel}","templated":true}]}}