{"id":50698,"date":"2024-11-20T12:26:35","date_gmt":"2024-11-20T11:26:35","guid":{"rendered":"https:\/\/giacobbegioielli.it\/prodotto\/stella-amicizia\/"},"modified":"2025-03-28T18:40:35","modified_gmt":"2025-03-28T17:40:35","slug":"stella-amicizia","status":"publish","type":"product","link":"https:\/\/giacobbegioielli.it\/en\/product\/stella-amicizia\/","title":{"rendered":"Stella | amicizia"},"content":{"rendered":"<p>Descrizione prodotto<\/p>\n<p>L\u2019amicizia \u00e8 come una magnifica stella che brilla alta nel cielo. Tu sai che \u00e8 sempre l\u00ec ad accompagnarti lungo il tuo cammino.<\/p>\n<p>Bracciale da donna regolabile in acciaio con perle conchiglia e ciondolo a forma di stella con cristalli.<br \/>\n\u2022 Dimensione ciondolo stella: 9 x 11,5 mm<br \/>\n\u2022 Diametro perle conchiglia: 4 mm<br \/>\n\u2022 Misura regolabile, da 16 a 19 cm<br \/>\n\u2022 Materiale: Acciaio 316L, Cristalli, Perle conchiglia<\/p>\n<p>Codice: 732335<\/p>","protected":false},"excerpt":{"rendered":"<p>Descrizione prodotto L\u2019amicizia \u00e8 come una magnifica stella che brilla alta nel cielo. Tu sai che \u00e8 sempre l\u00ec ad accompagnarti lungo il tuo cammino. Bracciale da donna regolabile in acciaio con perle conchiglia e ciondolo a forma di stella &hellip; <a class=\"kt-excerpt-readmore more-link\" href=\"https:\/\/giacobbegioielli.it\/en\/product\/stella-amicizia\/\" aria-label=\"Stella | amicizia\">Leggi altro<\/a><\/p>","protected":false},"featured_media":55487,"template":"","meta":[],"product_cat":[1095],"product_tag":[],"class_list":{"0":"post-50698","1":"product","2":"type-product","3":"status-publish","4":"has-post-thumbnail","6":"product_cat-kidult-life-collection","8":"first","9":"instock","10":"taxable","11":"shipping-taxable","12":"purchasable","13":"product-type-simple"},"yoast_head":"<!-- This site is optimized with the Yoast SEO plugin v21.3 - https:\/\/yoast.com\/wordpress\/plugins\/seo\/ -->\n<title>Stella | amicizia - Giacobbe Gioielli<\/title>\n<meta name=\"robots\" content=\"index, follow, max-snippet:-1, max-image-preview:large, max-video-preview:-1\" \/>\n<link rel=\"canonical\" href=\"https:\/\/giacobbegioielli.it\/en\/product\/stella-amicizia\/\" \/>\n<meta property=\"og:locale\" content=\"en_GB\" \/>\n<meta property=\"og:type\" content=\"article\" \/>\n<meta property=\"og:title\" content=\"Stella | amicizia - Giacobbe Gioielli\" \/>\n<meta property=\"og:description\" content=\"Descrizione prodotto L\u2019amicizia \u00e8 come una magnifica stella che brilla alta nel cielo. Tu sai che \u00e8 sempre l\u00ec ad accompagnarti lungo il tuo cammino. Bracciale da donna regolabile in acciaio con perle conchiglia e ciondolo a forma di stella &hellip; Leggi altro\" \/>\n<meta property=\"og:url\" content=\"https:\/\/giacobbegioielli.it\/en\/product\/stella-amicizia\/\" \/>\n<meta property=\"og:site_name\" content=\"Giacobbe Gioielli\" \/>\n<meta property=\"article:modified_time\" content=\"2025-03-28T17:40:35+00:00\" \/>\n<meta property=\"og:image\" content=\"https:\/\/giacobbegioielli.it\/wp-content\/uploads\/2024\/11\/732335-000-17181.jpg\" \/>\n\t<meta property=\"og:image:width\" content=\"2000\" \/>\n\t<meta property=\"og:image:height\" content=\"2000\" \/>\n\t<meta property=\"og:image:type\" content=\"image\/jpeg\" \/>\n<meta name=\"twitter:card\" content=\"summary_large_image\" \/>\n<script type=\"application\/ld+json\" class=\"yoast-schema-graph\">{\"@context\":\"https:\/\/schema.org\",\"@graph\":[{\"@type\":\"WebPage\",\"@id\":\"https:\/\/giacobbegioielli.it\/prodotto\/stella-amicizia\/\",\"url\":\"https:\/\/giacobbegioielli.it\/prodotto\/stella-amicizia\/\",\"name\":\"Stella | amicizia - Giacobbe Gioielli\",\"isPartOf\":{\"@id\":\"https:\/\/giacobbegioielli.it\/#website\"},\"datePublished\":\"2024-11-20T11:26:35+00:00\",\"dateModified\":\"2025-03-28T17:40:35+00:00\",\"breadcrumb\":{\"@id\":\"https:\/\/giacobbegioielli.it\/prodotto\/stella-amicizia\/#breadcrumb\"},\"inLanguage\":\"en-GB\",\"potentialAction\":[{\"@type\":\"ReadAction\",\"target\":[\"https:\/\/giacobbegioielli.it\/prodotto\/stella-amicizia\/\"]}]},{\"@type\":\"BreadcrumbList\",\"@id\":\"https:\/\/giacobbegioielli.it\/prodotto\/stella-amicizia\/#breadcrumb\",\"itemListElement\":[{\"@type\":\"ListItem\",\"position\":1,\"name\":\"Home\",\"item\":\"https:\/\/giacobbegioielli.it\/\"},{\"@type\":\"ListItem\",\"position\":2,\"name\":\"Negozio\",\"item\":\"https:\/\/giacobbegioielli.it\/negozio\/\"},{\"@type\":\"ListItem\",\"position\":3,\"name\":\"Stella | amicizia\"}]},{\"@type\":\"WebSite\",\"@id\":\"https:\/\/giacobbegioielli.it\/#website\",\"url\":\"https:\/\/giacobbegioielli.it\/\",\"name\":\"Giacobbe Gioielli\",\"description\":\"Un nuovo sito targato WordPress\",\"potentialAction\":[{\"@type\":\"SearchAction\",\"target\":{\"@type\":\"EntryPoint\",\"urlTemplate\":\"https:\/\/giacobbegioielli.it\/?s={search_term_string}\"},\"query-input\":\"required name=search_term_string\"}],\"inLanguage\":\"en-GB\"}]}<\/script>\n<!-- \/ Yoast SEO plugin. -->","yoast_head_json":{"title":"Stella | amicizia - Giacobbe Gioielli","robots":{"index":"index","follow":"follow","max-snippet":"max-snippet:-1","max-image-preview":"max-image-preview:large","max-video-preview":"max-video-preview:-1"},"canonical":"https:\/\/giacobbegioielli.it\/en\/product\/stella-amicizia\/","og_locale":"en_GB","og_type":"article","og_title":"Stella | amicizia - Giacobbe Gioielli","og_description":"Descrizione prodotto L\u2019amicizia \u00e8 come una magnifica stella che brilla alta nel cielo. Tu sai che \u00e8 sempre l\u00ec ad accompagnarti lungo il tuo cammino. Bracciale da donna regolabile in acciaio con perle conchiglia e ciondolo a forma di stella &hellip; Leggi altro","og_url":"https:\/\/giacobbegioielli.it\/en\/product\/stella-amicizia\/","og_site_name":"Giacobbe Gioielli","article_modified_time":"2025-03-28T17:40:35+00:00","og_image":[{"width":2000,"height":2000,"url":"https:\/\/giacobbegioielli.it\/wp-content\/uploads\/2024\/11\/732335-000-17181.jpg","type":"image\/jpeg"}],"twitter_card":"summary_large_image","schema":{"@context":"https:\/\/schema.org","@graph":[{"@type":"WebPage","@id":"https:\/\/giacobbegioielli.it\/prodotto\/stella-amicizia\/","url":"https:\/\/giacobbegioielli.it\/prodotto\/stella-amicizia\/","name":"Stella | amicizia - Giacobbe Gioielli","isPartOf":{"@id":"https:\/\/giacobbegioielli.it\/#website"},"datePublished":"2024-11-20T11:26:35+00:00","dateModified":"2025-03-28T17:40:35+00:00","breadcrumb":{"@id":"https:\/\/giacobbegioielli.it\/prodotto\/stella-amicizia\/#breadcrumb"},"inLanguage":"en-GB","potentialAction":[{"@type":"ReadAction","target":["https:\/\/giacobbegioielli.it\/prodotto\/stella-amicizia\/"]}]},{"@type":"BreadcrumbList","@id":"https:\/\/giacobbegioielli.it\/prodotto\/stella-amicizia\/#breadcrumb","itemListElement":[{"@type":"ListItem","position":1,"name":"Home","item":"https:\/\/giacobbegioielli.it\/"},{"@type":"ListItem","position":2,"name":"Negozio","item":"https:\/\/giacobbegioielli.it\/negozio\/"},{"@type":"ListItem","position":3,"name":"Stella | amicizia"}]},{"@type":"WebSite","@id":"https:\/\/giacobbegioielli.it\/#website","url":"https:\/\/giacobbegioielli.it\/","name":"Giacobbe Gioielli","description":"Un nuovo sito targato WordPress","potentialAction":[{"@type":"SearchAction","target":{"@type":"EntryPoint","urlTemplate":"https:\/\/giacobbegioielli.it\/?s={search_term_string}"},"query-input":"required name=search_term_string"}],"inLanguage":"en-GB"}]}},"_links":{"self":[{"href":"https:\/\/giacobbegioielli.it\/en\/wp-json\/wp\/v2\/product\/50698","targetHints":{"allow":["GET"]}}],"collection":[{"href":"https:\/\/giacobbegioielli.it\/en\/wp-json\/wp\/v2\/product"}],"about":[{"href":"https:\/\/giacobbegioielli.it\/en\/wp-json\/wp\/v2\/types\/product"}],"wp:featuredmedia":[{"embeddable":true,"href":"https:\/\/giacobbegioielli.it\/en\/wp-json\/wp\/v2\/media\/55487"}],"wp:attachment":[{"href":"https:\/\/giacobbegioielli.it\/en\/wp-json\/wp\/v2\/media?parent=50698"}],"wp:term":[{"taxonomy":"product_cat","embeddable":true,"href":"https:\/\/giacobbegioielli.it\/en\/wp-json\/wp\/v2\/product_cat?post=50698"},{"taxonomy":"product_tag","embeddable":true,"href":"https:\/\/giacobbegioielli.it\/en\/wp-json\/wp\/v2\/product_tag?post=50698"}],"curies":[{"name":"wp","href":"https:\/\/api.w.org\/{rel}","templated":true}]}}