{"id":50665,"date":"2024-11-20T12:26:27","date_gmt":"2024-11-20T11:26:27","guid":{"rendered":"https:\/\/giacobbegioielli.it\/prodotto\/infinito-felicit\/"},"modified":"2025-07-26T18:53:17","modified_gmt":"2025-07-26T16:53:17","slug":"infinito-felicit","status":"publish","type":"product","link":"https:\/\/giacobbegioielli.it\/en\/product\/infinito-felicit\/","title":{"rendered":"Infinito | felicit&Agrave;"},"content":{"rendered":"<p>Descrizione prodotto<\/p>\n<p>La felicit\u00e0 \u00e8 contagiosa. Lasciala fluire e scorrer\u00e0 intorno a te, all\u2019infinito.<\/p>\n<p>Ciondolo a forma di simbolo infinito in acciaio con cristalli bianchi.<br \/>\n\u2022 Dimensioni ciondolo: 12,5 x 6,5 mm<br \/>\n\u2022 Diametro cristalli: 1,25 mm<br \/>\n\u2022 Materiale: Acciaio 316L, Cristalli<\/p>\n<p>Codice: 741074<\/p>","protected":false},"excerpt":{"rendered":"<p>Descrizione prodotto La felicit\u00e0 \u00e8 contagiosa. Lasciala fluire e scorrer\u00e0 intorno a te, all\u2019infinito. Ciondolo a forma di simbolo infinito in acciaio con cristalli bianchi. \u2022 Dimensioni ciondolo: 12,5 x 6,5 mm \u2022 Diametro cristalli: 1,25 mm \u2022 Materiale: Acciaio &hellip; <a class=\"kt-excerpt-readmore more-link\" href=\"https:\/\/giacobbegioielli.it\/en\/product\/infinito-felicit\/\" aria-label=\"Infinito | felicit&Agrave;\">Leggi altro<\/a><\/p>","protected":false},"featured_media":54154,"template":"","meta":[],"product_cat":[1764,1760,1771],"product_tag":[],"class_list":{"0":"post-50665","1":"product","2":"type-product","3":"status-publish","4":"has-post-thumbnail","6":"product_cat-ciondoli-kidult-by-you","7":"product_cat-kidult-by-you","8":"product_cat-symbols-kby","10":"first","11":"outofstock","12":"taxable","13":"shipping-taxable","14":"purchasable","15":"product-type-simple"},"yoast_head":"<!-- This site is optimized with the Yoast SEO plugin v21.3 - https:\/\/yoast.com\/wordpress\/plugins\/seo\/ -->\n<title>Infinito | felicit&Agrave; - Giacobbe Gioielli<\/title>\n<meta name=\"robots\" content=\"index, follow, max-snippet:-1, max-image-preview:large, max-video-preview:-1\" \/>\n<link rel=\"canonical\" href=\"https:\/\/giacobbegioielli.it\/en\/product\/infinito-felicit\/\" \/>\n<meta property=\"og:locale\" content=\"en_GB\" \/>\n<meta property=\"og:type\" content=\"article\" \/>\n<meta property=\"og:title\" content=\"Infinito | felicit&Agrave; - Giacobbe Gioielli\" \/>\n<meta property=\"og:description\" content=\"Descrizione prodotto La felicit\u00e0 \u00e8 contagiosa. Lasciala fluire e scorrer\u00e0 intorno a te, all\u2019infinito. Ciondolo a forma di simbolo infinito in acciaio con cristalli bianchi. \u2022 Dimensioni ciondolo: 12,5 x 6,5 mm \u2022 Diametro cristalli: 1,25 mm \u2022 Materiale: Acciaio &hellip; Leggi altro\" \/>\n<meta property=\"og:url\" content=\"https:\/\/giacobbegioielli.it\/en\/product\/infinito-felicit\/\" \/>\n<meta property=\"og:site_name\" content=\"Giacobbe Gioielli\" \/>\n<meta property=\"article:modified_time\" content=\"2025-07-26T16:53:17+00:00\" \/>\n<meta name=\"twitter:card\" content=\"summary_large_image\" \/>\n<script type=\"application\/ld+json\" class=\"yoast-schema-graph\">{\"@context\":\"https:\/\/schema.org\",\"@graph\":[{\"@type\":\"WebPage\",\"@id\":\"https:\/\/giacobbegioielli.it\/prodotto\/infinito-felicit\/\",\"url\":\"https:\/\/giacobbegioielli.it\/prodotto\/infinito-felicit\/\",\"name\":\"Infinito | felicit&Agrave; - Giacobbe Gioielli\",\"isPartOf\":{\"@id\":\"https:\/\/giacobbegioielli.it\/#website\"},\"datePublished\":\"2024-11-20T11:26:27+00:00\",\"dateModified\":\"2025-07-26T16:53:17+00:00\",\"breadcrumb\":{\"@id\":\"https:\/\/giacobbegioielli.it\/prodotto\/infinito-felicit\/#breadcrumb\"},\"inLanguage\":\"en-GB\",\"potentialAction\":[{\"@type\":\"ReadAction\",\"target\":[\"https:\/\/giacobbegioielli.it\/prodotto\/infinito-felicit\/\"]}]},{\"@type\":\"BreadcrumbList\",\"@id\":\"https:\/\/giacobbegioielli.it\/prodotto\/infinito-felicit\/#breadcrumb\",\"itemListElement\":[{\"@type\":\"ListItem\",\"position\":1,\"name\":\"Home\",\"item\":\"https:\/\/giacobbegioielli.it\/\"},{\"@type\":\"ListItem\",\"position\":2,\"name\":\"Negozio\",\"item\":\"https:\/\/giacobbegioielli.it\/negozio\/\"},{\"@type\":\"ListItem\",\"position\":3,\"name\":\"Infinito | felicit&Agrave;\"}]},{\"@type\":\"WebSite\",\"@id\":\"https:\/\/giacobbegioielli.it\/#website\",\"url\":\"https:\/\/giacobbegioielli.it\/\",\"name\":\"Giacobbe Gioielli\",\"description\":\"Un nuovo sito targato WordPress\",\"potentialAction\":[{\"@type\":\"SearchAction\",\"target\":{\"@type\":\"EntryPoint\",\"urlTemplate\":\"https:\/\/giacobbegioielli.it\/?s={search_term_string}\"},\"query-input\":\"required name=search_term_string\"}],\"inLanguage\":\"en-GB\"}]}<\/script>\n<!-- \/ Yoast SEO plugin. -->","yoast_head_json":{"title":"Infinito | felicit&Agrave; - Giacobbe Gioielli","robots":{"index":"index","follow":"follow","max-snippet":"max-snippet:-1","max-image-preview":"max-image-preview:large","max-video-preview":"max-video-preview:-1"},"canonical":"https:\/\/giacobbegioielli.it\/en\/product\/infinito-felicit\/","og_locale":"en_GB","og_type":"article","og_title":"Infinito | felicit&Agrave; - Giacobbe Gioielli","og_description":"Descrizione prodotto La felicit\u00e0 \u00e8 contagiosa. Lasciala fluire e scorrer\u00e0 intorno a te, all\u2019infinito. Ciondolo a forma di simbolo infinito in acciaio con cristalli bianchi. \u2022 Dimensioni ciondolo: 12,5 x 6,5 mm \u2022 Diametro cristalli: 1,25 mm \u2022 Materiale: Acciaio &hellip; Leggi altro","og_url":"https:\/\/giacobbegioielli.it\/en\/product\/infinito-felicit\/","og_site_name":"Giacobbe Gioielli","article_modified_time":"2025-07-26T16:53:17+00:00","twitter_card":"summary_large_image","schema":{"@context":"https:\/\/schema.org","@graph":[{"@type":"WebPage","@id":"https:\/\/giacobbegioielli.it\/prodotto\/infinito-felicit\/","url":"https:\/\/giacobbegioielli.it\/prodotto\/infinito-felicit\/","name":"Infinito | felicit&Agrave; - Giacobbe Gioielli","isPartOf":{"@id":"https:\/\/giacobbegioielli.it\/#website"},"datePublished":"2024-11-20T11:26:27+00:00","dateModified":"2025-07-26T16:53:17+00:00","breadcrumb":{"@id":"https:\/\/giacobbegioielli.it\/prodotto\/infinito-felicit\/#breadcrumb"},"inLanguage":"en-GB","potentialAction":[{"@type":"ReadAction","target":["https:\/\/giacobbegioielli.it\/prodotto\/infinito-felicit\/"]}]},{"@type":"BreadcrumbList","@id":"https:\/\/giacobbegioielli.it\/prodotto\/infinito-felicit\/#breadcrumb","itemListElement":[{"@type":"ListItem","position":1,"name":"Home","item":"https:\/\/giacobbegioielli.it\/"},{"@type":"ListItem","position":2,"name":"Negozio","item":"https:\/\/giacobbegioielli.it\/negozio\/"},{"@type":"ListItem","position":3,"name":"Infinito | felicit&Agrave;"}]},{"@type":"WebSite","@id":"https:\/\/giacobbegioielli.it\/#website","url":"https:\/\/giacobbegioielli.it\/","name":"Giacobbe Gioielli","description":"Un nuovo sito targato WordPress","potentialAction":[{"@type":"SearchAction","target":{"@type":"EntryPoint","urlTemplate":"https:\/\/giacobbegioielli.it\/?s={search_term_string}"},"query-input":"required name=search_term_string"}],"inLanguage":"en-GB"}]}},"_links":{"self":[{"href":"https:\/\/giacobbegioielli.it\/en\/wp-json\/wp\/v2\/product\/50665","targetHints":{"allow":["GET"]}}],"collection":[{"href":"https:\/\/giacobbegioielli.it\/en\/wp-json\/wp\/v2\/product"}],"about":[{"href":"https:\/\/giacobbegioielli.it\/en\/wp-json\/wp\/v2\/types\/product"}],"wp:featuredmedia":[{"embeddable":true,"href":"https:\/\/giacobbegioielli.it\/en\/wp-json\/wp\/v2\/media\/54154"}],"wp:attachment":[{"href":"https:\/\/giacobbegioielli.it\/en\/wp-json\/wp\/v2\/media?parent=50665"}],"wp:term":[{"taxonomy":"product_cat","embeddable":true,"href":"https:\/\/giacobbegioielli.it\/en\/wp-json\/wp\/v2\/product_cat?post=50665"},{"taxonomy":"product_tag","embeddable":true,"href":"https:\/\/giacobbegioielli.it\/en\/wp-json\/wp\/v2\/product_tag?post=50665"}],"curies":[{"name":"wp","href":"https:\/\/api.w.org\/{rel}","templated":true}]}}