{"id":50642,"date":"2024-11-20T12:26:23","date_gmt":"2024-11-20T11:26:23","guid":{"rendered":"https:\/\/giacobbegioielli.it\/prodotto\/duetto-2\/"},"modified":"2025-07-15T11:06:17","modified_gmt":"2025-07-15T09:06:17","slug":"duetto-2","status":"publish","type":"product","link":"https:\/\/giacobbegioielli.it\/en\/product\/duetto-2\/","title":{"rendered":"Duetto"},"content":{"rendered":"<p>Descrizione prodotto<\/p>\n<p>Apri il link del tuo bracciale DUETTO e inserisci da 1 a 2 charm.<\/p>\n<p>Bracciale donna componibile in acciaio e PVD giallo con un link apribile met\u00e0 con catena tennis in zirconi bianchi e met\u00e0 con catena rol\u00f2. Inserisci nel link da 1 a 2 charm.<br \/>\n\u2022 Larghezza della catena: 4 mm<br \/>\n\u2022 Diametro link: 12 mm<br \/>\n\u2022 Diametro zirconi: 4 mm<br \/>\n\u2022 Misura unica, lunghezza 18,5 cm<br \/>\n\u2022 Materiale: acciaio e PVD giallo, Zirconi<\/p>\n<p> Codice: 732347<\/p>","protected":false},"excerpt":{"rendered":"<p>Descrizione prodotto Apri il link del tuo bracciale DUETTO e inserisci da 1 a 2 charm. Bracciale donna componibile in acciaio e PVD giallo con un link apribile met\u00e0 con catena tennis in zirconi bianchi e met\u00e0 con catena rol\u00f2. &hellip; <a class=\"kt-excerpt-readmore more-link\" href=\"https:\/\/giacobbegioielli.it\/en\/product\/duetto-2\/\" aria-label=\"Duetto\">Leggi altro<\/a><\/p>","protected":false},"featured_media":53622,"template":"","meta":[],"product_cat":[1761,1763,1760],"product_tag":[],"class_list":{"0":"post-50642","1":"product","2":"type-product","3":"status-publish","4":"has-post-thumbnail","6":"product_cat-basi","7":"product_cat-bracciali-kby","8":"product_cat-kidult-by-you","10":"first","11":"outofstock","12":"taxable","13":"shipping-taxable","14":"purchasable","15":"product-type-simple"},"yoast_head":"<!-- This site is optimized with the Yoast SEO plugin v21.3 - https:\/\/yoast.com\/wordpress\/plugins\/seo\/ -->\n<title>Duetto - Giacobbe Gioielli<\/title>\n<meta name=\"robots\" content=\"index, follow, max-snippet:-1, max-image-preview:large, max-video-preview:-1\" \/>\n<link rel=\"canonical\" href=\"https:\/\/giacobbegioielli.it\/en\/product\/duetto-2\/\" \/>\n<meta property=\"og:locale\" content=\"en_GB\" \/>\n<meta property=\"og:type\" content=\"article\" \/>\n<meta property=\"og:title\" content=\"Duetto - Giacobbe Gioielli\" \/>\n<meta property=\"og:description\" content=\"Descrizione prodotto Apri il link del tuo bracciale DUETTO e inserisci da 1 a 2 charm. Bracciale donna componibile in acciaio e PVD giallo con un link apribile met\u00e0 con catena tennis in zirconi bianchi e met\u00e0 con catena rol\u00f2. &hellip; Leggi altro\" \/>\n<meta property=\"og:url\" content=\"https:\/\/giacobbegioielli.it\/en\/product\/duetto-2\/\" \/>\n<meta property=\"og:site_name\" content=\"Giacobbe Gioielli\" \/>\n<meta property=\"article:modified_time\" content=\"2025-07-15T09:06:17+00:00\" \/>\n<meta property=\"og:image\" content=\"https:\/\/giacobbegioielli.it\/wp-content\/uploads\/2025\/03\/732347-000-17275.jpg\" \/>\n\t<meta property=\"og:image:width\" content=\"2000\" \/>\n\t<meta property=\"og:image:height\" content=\"2000\" \/>\n\t<meta property=\"og:image:type\" content=\"image\/jpeg\" \/>\n<meta name=\"twitter:card\" content=\"summary_large_image\" \/>\n<script type=\"application\/ld+json\" class=\"yoast-schema-graph\">{\"@context\":\"https:\/\/schema.org\",\"@graph\":[{\"@type\":\"WebPage\",\"@id\":\"https:\/\/giacobbegioielli.it\/prodotto\/duetto-2\/\",\"url\":\"https:\/\/giacobbegioielli.it\/prodotto\/duetto-2\/\",\"name\":\"Duetto - Giacobbe Gioielli\",\"isPartOf\":{\"@id\":\"https:\/\/giacobbegioielli.it\/#website\"},\"datePublished\":\"2024-11-20T11:26:23+00:00\",\"dateModified\":\"2025-07-15T09:06:17+00:00\",\"breadcrumb\":{\"@id\":\"https:\/\/giacobbegioielli.it\/prodotto\/duetto-2\/#breadcrumb\"},\"inLanguage\":\"en-GB\",\"potentialAction\":[{\"@type\":\"ReadAction\",\"target\":[\"https:\/\/giacobbegioielli.it\/prodotto\/duetto-2\/\"]}]},{\"@type\":\"BreadcrumbList\",\"@id\":\"https:\/\/giacobbegioielli.it\/prodotto\/duetto-2\/#breadcrumb\",\"itemListElement\":[{\"@type\":\"ListItem\",\"position\":1,\"name\":\"Home\",\"item\":\"https:\/\/giacobbegioielli.it\/\"},{\"@type\":\"ListItem\",\"position\":2,\"name\":\"Negozio\",\"item\":\"https:\/\/giacobbegioielli.it\/negozio\/\"},{\"@type\":\"ListItem\",\"position\":3,\"name\":\"Duetto\"}]},{\"@type\":\"WebSite\",\"@id\":\"https:\/\/giacobbegioielli.it\/#website\",\"url\":\"https:\/\/giacobbegioielli.it\/\",\"name\":\"Giacobbe Gioielli\",\"description\":\"Un nuovo sito targato WordPress\",\"potentialAction\":[{\"@type\":\"SearchAction\",\"target\":{\"@type\":\"EntryPoint\",\"urlTemplate\":\"https:\/\/giacobbegioielli.it\/?s={search_term_string}\"},\"query-input\":\"required name=search_term_string\"}],\"inLanguage\":\"en-GB\"}]}<\/script>\n<!-- \/ Yoast SEO plugin. -->","yoast_head_json":{"title":"Duetto - Giacobbe Gioielli","robots":{"index":"index","follow":"follow","max-snippet":"max-snippet:-1","max-image-preview":"max-image-preview:large","max-video-preview":"max-video-preview:-1"},"canonical":"https:\/\/giacobbegioielli.it\/en\/product\/duetto-2\/","og_locale":"en_GB","og_type":"article","og_title":"Duetto - Giacobbe Gioielli","og_description":"Descrizione prodotto Apri il link del tuo bracciale DUETTO e inserisci da 1 a 2 charm. Bracciale donna componibile in acciaio e PVD giallo con un link apribile met\u00e0 con catena tennis in zirconi bianchi e met\u00e0 con catena rol\u00f2. &hellip; Leggi altro","og_url":"https:\/\/giacobbegioielli.it\/en\/product\/duetto-2\/","og_site_name":"Giacobbe Gioielli","article_modified_time":"2025-07-15T09:06:17+00:00","og_image":[{"width":2000,"height":2000,"url":"https:\/\/giacobbegioielli.it\/wp-content\/uploads\/2025\/03\/732347-000-17275.jpg","type":"image\/jpeg"}],"twitter_card":"summary_large_image","schema":{"@context":"https:\/\/schema.org","@graph":[{"@type":"WebPage","@id":"https:\/\/giacobbegioielli.it\/prodotto\/duetto-2\/","url":"https:\/\/giacobbegioielli.it\/prodotto\/duetto-2\/","name":"Duetto - Giacobbe Gioielli","isPartOf":{"@id":"https:\/\/giacobbegioielli.it\/#website"},"datePublished":"2024-11-20T11:26:23+00:00","dateModified":"2025-07-15T09:06:17+00:00","breadcrumb":{"@id":"https:\/\/giacobbegioielli.it\/prodotto\/duetto-2\/#breadcrumb"},"inLanguage":"en-GB","potentialAction":[{"@type":"ReadAction","target":["https:\/\/giacobbegioielli.it\/prodotto\/duetto-2\/"]}]},{"@type":"BreadcrumbList","@id":"https:\/\/giacobbegioielli.it\/prodotto\/duetto-2\/#breadcrumb","itemListElement":[{"@type":"ListItem","position":1,"name":"Home","item":"https:\/\/giacobbegioielli.it\/"},{"@type":"ListItem","position":2,"name":"Negozio","item":"https:\/\/giacobbegioielli.it\/negozio\/"},{"@type":"ListItem","position":3,"name":"Duetto"}]},{"@type":"WebSite","@id":"https:\/\/giacobbegioielli.it\/#website","url":"https:\/\/giacobbegioielli.it\/","name":"Giacobbe Gioielli","description":"Un nuovo sito targato WordPress","potentialAction":[{"@type":"SearchAction","target":{"@type":"EntryPoint","urlTemplate":"https:\/\/giacobbegioielli.it\/?s={search_term_string}"},"query-input":"required name=search_term_string"}],"inLanguage":"en-GB"}]}},"_links":{"self":[{"href":"https:\/\/giacobbegioielli.it\/en\/wp-json\/wp\/v2\/product\/50642","targetHints":{"allow":["GET"]}}],"collection":[{"href":"https:\/\/giacobbegioielli.it\/en\/wp-json\/wp\/v2\/product"}],"about":[{"href":"https:\/\/giacobbegioielli.it\/en\/wp-json\/wp\/v2\/types\/product"}],"wp:featuredmedia":[{"embeddable":true,"href":"https:\/\/giacobbegioielli.it\/en\/wp-json\/wp\/v2\/media\/53622"}],"wp:attachment":[{"href":"https:\/\/giacobbegioielli.it\/en\/wp-json\/wp\/v2\/media?parent=50642"}],"wp:term":[{"taxonomy":"product_cat","embeddable":true,"href":"https:\/\/giacobbegioielli.it\/en\/wp-json\/wp\/v2\/product_cat?post=50642"},{"taxonomy":"product_tag","embeddable":true,"href":"https:\/\/giacobbegioielli.it\/en\/wp-json\/wp\/v2\/product_tag?post=50642"}],"curies":[{"name":"wp","href":"https:\/\/api.w.org\/{rel}","templated":true}]}}