{"id":50610,"date":"2024-11-20T12:26:15","date_gmt":"2024-11-20T11:26:15","guid":{"rendered":"https:\/\/giacobbegioielli.it\/prodotto\/carpe-diem\/"},"modified":"2025-03-28T13:05:22","modified_gmt":"2025-03-28T12:05:22","slug":"carpe-diem","status":"publish","type":"product","link":"https:\/\/giacobbegioielli.it\/en\/product\/carpe-diem\/","title":{"rendered":"Carpe diem"},"content":{"rendered":"<p>Descrizione prodotto<\/p>\n<p>Se la vita \u00e8 fatta di attimi&#8230; il segreto della felicit\u00e0 \u00e8 approfittare di ogni singolo istante.<\/p>\n<p>Ciondolo tondo in acciaio satinato con cristallo bianco e scritta &#8220;Carpe Diem&#8221;, retro ideale per incisione.<br \/>\n\u2022 Diametro ciondolo: 15 mm<br \/>\n\u2022 Diametro cristallo: 1,5 mm<br \/>\n\u2022 Materiale: Acciaio 316L, Cristallo<\/p>\n<p>Codice: 741015<\/p>","protected":false},"excerpt":{"rendered":"<p>Descrizione prodotto Se la vita \u00e8 fatta di attimi&#8230; il segreto della felicit\u00e0 \u00e8 approfittare di ogni singolo istante. Ciondolo tondo in acciaio satinato con cristallo bianco e scritta &#8220;Carpe Diem&#8221;, retro ideale per incisione. \u2022 Diametro ciondolo: 15 mm &hellip; <a class=\"kt-excerpt-readmore more-link\" href=\"https:\/\/giacobbegioielli.it\/en\/product\/carpe-diem\/\" aria-label=\"Carpe diem\">Leggi altro<\/a><\/p>","protected":false},"featured_media":53068,"template":"","meta":[],"product_cat":[1764,1760,1770],"product_tag":[],"class_list":{"0":"post-50610","1":"product","2":"type-product","3":"status-publish","4":"has-post-thumbnail","6":"product_cat-ciondoli-kidult-by-you","7":"product_cat-kidult-by-you","8":"product_cat-philosophy-kby","10":"first","11":"instock","12":"taxable","13":"shipping-taxable","14":"purchasable","15":"product-type-simple"},"yoast_head":"<!-- This site is optimized with the Yoast SEO plugin v21.3 - https:\/\/yoast.com\/wordpress\/plugins\/seo\/ -->\n<title>Carpe diem - Giacobbe Gioielli<\/title>\n<meta name=\"robots\" content=\"index, follow, max-snippet:-1, max-image-preview:large, max-video-preview:-1\" \/>\n<link rel=\"canonical\" href=\"https:\/\/giacobbegioielli.it\/en\/product\/carpe-diem\/\" \/>\n<meta property=\"og:locale\" content=\"en_GB\" \/>\n<meta property=\"og:type\" content=\"article\" \/>\n<meta property=\"og:title\" content=\"Carpe diem - Giacobbe Gioielli\" \/>\n<meta property=\"og:description\" content=\"Descrizione prodotto Se la vita \u00e8 fatta di attimi&#8230; il segreto della felicit\u00e0 \u00e8 approfittare di ogni singolo istante. Ciondolo tondo in acciaio satinato con cristallo bianco e scritta &#8220;Carpe Diem&#8221;, retro ideale per incisione. \u2022 Diametro ciondolo: 15 mm &hellip; Leggi altro\" \/>\n<meta property=\"og:url\" content=\"https:\/\/giacobbegioielli.it\/en\/product\/carpe-diem\/\" \/>\n<meta property=\"og:site_name\" content=\"Giacobbe Gioielli\" \/>\n<meta property=\"article:modified_time\" content=\"2025-03-28T12:05:22+00:00\" \/>\n<meta name=\"twitter:card\" content=\"summary_large_image\" \/>\n<script type=\"application\/ld+json\" class=\"yoast-schema-graph\">{\"@context\":\"https:\/\/schema.org\",\"@graph\":[{\"@type\":\"WebPage\",\"@id\":\"https:\/\/giacobbegioielli.it\/prodotto\/carpe-diem\/\",\"url\":\"https:\/\/giacobbegioielli.it\/prodotto\/carpe-diem\/\",\"name\":\"Carpe diem - Giacobbe Gioielli\",\"isPartOf\":{\"@id\":\"https:\/\/giacobbegioielli.it\/#website\"},\"datePublished\":\"2024-11-20T11:26:15+00:00\",\"dateModified\":\"2025-03-28T12:05:22+00:00\",\"breadcrumb\":{\"@id\":\"https:\/\/giacobbegioielli.it\/prodotto\/carpe-diem\/#breadcrumb\"},\"inLanguage\":\"en-GB\",\"potentialAction\":[{\"@type\":\"ReadAction\",\"target\":[\"https:\/\/giacobbegioielli.it\/prodotto\/carpe-diem\/\"]}]},{\"@type\":\"BreadcrumbList\",\"@id\":\"https:\/\/giacobbegioielli.it\/prodotto\/carpe-diem\/#breadcrumb\",\"itemListElement\":[{\"@type\":\"ListItem\",\"position\":1,\"name\":\"Home\",\"item\":\"https:\/\/giacobbegioielli.it\/\"},{\"@type\":\"ListItem\",\"position\":2,\"name\":\"Negozio\",\"item\":\"https:\/\/giacobbegioielli.it\/negozio\/\"},{\"@type\":\"ListItem\",\"position\":3,\"name\":\"Carpe diem\"}]},{\"@type\":\"WebSite\",\"@id\":\"https:\/\/giacobbegioielli.it\/#website\",\"url\":\"https:\/\/giacobbegioielli.it\/\",\"name\":\"Giacobbe Gioielli\",\"description\":\"Un nuovo sito targato WordPress\",\"potentialAction\":[{\"@type\":\"SearchAction\",\"target\":{\"@type\":\"EntryPoint\",\"urlTemplate\":\"https:\/\/giacobbegioielli.it\/?s={search_term_string}\"},\"query-input\":\"required name=search_term_string\"}],\"inLanguage\":\"en-GB\"}]}<\/script>\n<!-- \/ Yoast SEO plugin. -->","yoast_head_json":{"title":"Carpe diem - Giacobbe Gioielli","robots":{"index":"index","follow":"follow","max-snippet":"max-snippet:-1","max-image-preview":"max-image-preview:large","max-video-preview":"max-video-preview:-1"},"canonical":"https:\/\/giacobbegioielli.it\/en\/product\/carpe-diem\/","og_locale":"en_GB","og_type":"article","og_title":"Carpe diem - Giacobbe Gioielli","og_description":"Descrizione prodotto Se la vita \u00e8 fatta di attimi&#8230; il segreto della felicit\u00e0 \u00e8 approfittare di ogni singolo istante. Ciondolo tondo in acciaio satinato con cristallo bianco e scritta &#8220;Carpe Diem&#8221;, retro ideale per incisione. \u2022 Diametro ciondolo: 15 mm &hellip; Leggi altro","og_url":"https:\/\/giacobbegioielli.it\/en\/product\/carpe-diem\/","og_site_name":"Giacobbe Gioielli","article_modified_time":"2025-03-28T12:05:22+00:00","twitter_card":"summary_large_image","schema":{"@context":"https:\/\/schema.org","@graph":[{"@type":"WebPage","@id":"https:\/\/giacobbegioielli.it\/prodotto\/carpe-diem\/","url":"https:\/\/giacobbegioielli.it\/prodotto\/carpe-diem\/","name":"Carpe diem - Giacobbe Gioielli","isPartOf":{"@id":"https:\/\/giacobbegioielli.it\/#website"},"datePublished":"2024-11-20T11:26:15+00:00","dateModified":"2025-03-28T12:05:22+00:00","breadcrumb":{"@id":"https:\/\/giacobbegioielli.it\/prodotto\/carpe-diem\/#breadcrumb"},"inLanguage":"en-GB","potentialAction":[{"@type":"ReadAction","target":["https:\/\/giacobbegioielli.it\/prodotto\/carpe-diem\/"]}]},{"@type":"BreadcrumbList","@id":"https:\/\/giacobbegioielli.it\/prodotto\/carpe-diem\/#breadcrumb","itemListElement":[{"@type":"ListItem","position":1,"name":"Home","item":"https:\/\/giacobbegioielli.it\/"},{"@type":"ListItem","position":2,"name":"Negozio","item":"https:\/\/giacobbegioielli.it\/negozio\/"},{"@type":"ListItem","position":3,"name":"Carpe diem"}]},{"@type":"WebSite","@id":"https:\/\/giacobbegioielli.it\/#website","url":"https:\/\/giacobbegioielli.it\/","name":"Giacobbe Gioielli","description":"Un nuovo sito targato WordPress","potentialAction":[{"@type":"SearchAction","target":{"@type":"EntryPoint","urlTemplate":"https:\/\/giacobbegioielli.it\/?s={search_term_string}"},"query-input":"required name=search_term_string"}],"inLanguage":"en-GB"}]}},"_links":{"self":[{"href":"https:\/\/giacobbegioielli.it\/en\/wp-json\/wp\/v2\/product\/50610","targetHints":{"allow":["GET"]}}],"collection":[{"href":"https:\/\/giacobbegioielli.it\/en\/wp-json\/wp\/v2\/product"}],"about":[{"href":"https:\/\/giacobbegioielli.it\/en\/wp-json\/wp\/v2\/types\/product"}],"wp:featuredmedia":[{"embeddable":true,"href":"https:\/\/giacobbegioielli.it\/en\/wp-json\/wp\/v2\/media\/53068"}],"wp:attachment":[{"href":"https:\/\/giacobbegioielli.it\/en\/wp-json\/wp\/v2\/media?parent=50610"}],"wp:term":[{"taxonomy":"product_cat","embeddable":true,"href":"https:\/\/giacobbegioielli.it\/en\/wp-json\/wp\/v2\/product_cat?post=50610"},{"taxonomy":"product_tag","embeddable":true,"href":"https:\/\/giacobbegioielli.it\/en\/wp-json\/wp\/v2\/product_tag?post=50610"}],"curies":[{"name":"wp","href":"https:\/\/api.w.org\/{rel}","templated":true}]}}