{"id":48499,"date":"2024-08-27T17:38:39","date_gmt":"2024-08-27T15:38:39","guid":{"rendered":"https:\/\/giacobbegioielli.it\/prodotto\/legami-damore-per-il-tuo-evento-bracciali-in-argento-925-dorato-o-argento-925-rodiato\/"},"modified":"2025-09-17T09:31:28","modified_gmt":"2025-09-17T07:31:28","slug":"legami-damore-bracciali-in-argento-925","status":"publish","type":"product","link":"https:\/\/giacobbegioielli.it\/en\/product\/legami-damore-bracciali-in-argento-925\/","title":{"rendered":"Legami d&#8217;amore Bracciali in argento 925"},"content":{"rendered":"<p>\nIl bracciale <b>LEGAMI D&#8217;AMORE<\/b> nasce per creare un legame indissolubile.\n<\/p>\n<p>\nCelebra una vera amicizia, un amore sincero un&#8217;emozione che ti stringe e non ti lascia mai.\n<\/p>\n<p>Saldato al tuo polso, lo porti sempre con te.<\/p>\n<p>&nbsp;<\/p>\n<p>\n<span style=\", sans-serif;font-size: 13px;font-style: normal;font-weight: 400;letter-spacing: normal;text-align: start;text-indent: 0px;text-transform: none;display: inline !important;float: none\"><span>&nbsp;<\/span><\/span><span id=\"sample-permalink\" style=\"display:inline-block;max-width:100%;font-family:'-apple-system, BlinkMacSystemFont, Segoe UI, Roboto, Oxygen-Sans, Ubuntu, Cantarell, Helvetica Neue, sans-serif';font-size:13px;font-style:normal;font-weight:400;letter-spacing:normal;text-align:center;text-indent:0px;text-transform:none\"><a href=\"https:\/\/giacobbegioielli.it\/en\/legami-regolamento-evento\/\">https:\/\/giacobbegioielli.it\/<span id=\"editable-post-name\" style=\"font-weight: 600\">legami-regolamento-evento<\/span>\/<\/a><\/span>&nbsp;\n<\/p>\n<p>&nbsp;<\/p>\n<p>\nPuoi creare il tuo <b>EVENTO<\/b> speciale con <b>LEGAMI D&#8217;AMORE<\/b>. Acquista un pacchetto bracciali per rendere unica la tua cerimonia.&nbsp;\n<\/p>\n<p>&nbsp;<\/p>\n<p>\nGli eventi Legami D&#8217;Amore possono avere luogo solo in prossimit\u00e0 della nostra attivit\u00e0 in quanto non abbiamo la possibilit\u00e0 dello spostamento del macchinario.\n<\/p>\n<p>&nbsp;<\/p>\n<p>\n<b>Prima di effettuare ogni eventuale prenotazione contattateci su Whatsapp o telefonicamente per avere informazioni sulla data<\/b>\n<\/p>\n<p>&nbsp;<\/p>\n<p>EV-LEG-ARG&nbsp;<\/p>\n<p>&nbsp;<\/p><\/p>","protected":false},"excerpt":{"rendered":"<p>Il bracciale LEGAMI D&#8217;AMORE nasce per creare un legame indissolubile. Celebra una vera amicizia, un amore sincero un&#8217;emozione che ti stringe e non ti lascia mai. Saldato al tuo polso, lo porti sempre con te. &nbsp; &nbsp;https:\/\/giacobbegioielli.it\/legami-regolamento-evento\/&nbsp; &nbsp; Puoi creare &hellip; <a class=\"kt-excerpt-readmore more-link\" href=\"https:\/\/giacobbegioielli.it\/en\/product\/legami-damore-bracciali-in-argento-925\/\" aria-label=\"Legami d&#8217;amore Bracciali in argento 925\">Leggi altro<\/a><\/p>","protected":false},"featured_media":54288,"template":"","meta":[],"product_cat":[1647],"product_tag":[],"class_list":{"0":"post-48499","1":"product","2":"type-product","3":"status-publish","4":"has-post-thumbnail","6":"product_cat-legami-damore-evento","8":"first","9":"outofstock","10":"taxable","11":"shipping-taxable","12":"purchasable","13":"product-type-variable"},"yoast_head":"<!-- This site is optimized with the Yoast SEO plugin v21.3 - https:\/\/yoast.com\/wordpress\/plugins\/seo\/ -->\n<title>Legami d&#039;amore Bracciali in argento 925 - Giacobbe Gioielli<\/title>\n<meta name=\"robots\" content=\"index, follow, max-snippet:-1, max-image-preview:large, max-video-preview:-1\" \/>\n<link rel=\"canonical\" href=\"https:\/\/giacobbegioielli.it\/en\/product\/legami-damore-bracciali-in-argento-925\/\" \/>\n<meta property=\"og:locale\" content=\"en_GB\" \/>\n<meta property=\"og:type\" content=\"article\" \/>\n<meta property=\"og:title\" content=\"Legami d&#039;amore Bracciali in argento 925 - Giacobbe Gioielli\" \/>\n<meta property=\"og:description\" content=\"Il bracciale LEGAMI D&#8217;AMORE nasce per creare un legame indissolubile. Celebra una vera amicizia, un amore sincero un&#8217;emozione che ti stringe e non ti lascia mai. Saldato al tuo polso, lo porti sempre con te. &nbsp; &nbsp;https:\/\/giacobbegioielli.it\/legami-regolamento-evento\/&nbsp; &nbsp; Puoi creare &hellip; Leggi altro\" \/>\n<meta property=\"og:url\" content=\"https:\/\/giacobbegioielli.it\/en\/product\/legami-damore-bracciali-in-argento-925\/\" \/>\n<meta property=\"og:site_name\" content=\"Giacobbe Gioielli\" \/>\n<meta property=\"article:modified_time\" content=\"2025-09-17T07:31:28+00:00\" \/>\n<meta property=\"og:image\" content=\"https:\/\/giacobbegioielli.it\/wp-content\/uploads\/2025\/03\/EV-LEG-ARG-000-14336.jpg\" \/>\n\t<meta property=\"og:image:width\" content=\"2362\" \/>\n\t<meta property=\"og:image:height\" content=\"2362\" \/>\n\t<meta property=\"og:image:type\" content=\"image\/jpeg\" \/>\n<meta name=\"twitter:card\" content=\"summary_large_image\" \/>\n<meta name=\"twitter:label1\" content=\"Est. reading time\" \/>\n\t<meta name=\"twitter:data1\" content=\"1 minute\" \/>\n<script type=\"application\/ld+json\" class=\"yoast-schema-graph\">{\"@context\":\"https:\/\/schema.org\",\"@graph\":[{\"@type\":\"WebPage\",\"@id\":\"https:\/\/giacobbegioielli.it\/prodotto\/legami-damore-bracciali-in-argento-925\/\",\"url\":\"https:\/\/giacobbegioielli.it\/prodotto\/legami-damore-bracciali-in-argento-925\/\",\"name\":\"Legami d'amore Bracciali in argento 925 - Giacobbe Gioielli\",\"isPartOf\":{\"@id\":\"https:\/\/giacobbegioielli.it\/#website\"},\"datePublished\":\"2024-08-27T15:38:39+00:00\",\"dateModified\":\"2025-09-17T07:31:28+00:00\",\"breadcrumb\":{\"@id\":\"https:\/\/giacobbegioielli.it\/prodotto\/legami-damore-bracciali-in-argento-925\/#breadcrumb\"},\"inLanguage\":\"en-GB\",\"potentialAction\":[{\"@type\":\"ReadAction\",\"target\":[\"https:\/\/giacobbegioielli.it\/prodotto\/legami-damore-bracciali-in-argento-925\/\"]}]},{\"@type\":\"BreadcrumbList\",\"@id\":\"https:\/\/giacobbegioielli.it\/prodotto\/legami-damore-bracciali-in-argento-925\/#breadcrumb\",\"itemListElement\":[{\"@type\":\"ListItem\",\"position\":1,\"name\":\"Home\",\"item\":\"https:\/\/giacobbegioielli.it\/\"},{\"@type\":\"ListItem\",\"position\":2,\"name\":\"Negozio\",\"item\":\"https:\/\/giacobbegioielli.it\/negozio\/\"},{\"@type\":\"ListItem\",\"position\":3,\"name\":\"Legami d&#8217;amore Bracciali in argento 925\"}]},{\"@type\":\"WebSite\",\"@id\":\"https:\/\/giacobbegioielli.it\/#website\",\"url\":\"https:\/\/giacobbegioielli.it\/\",\"name\":\"Giacobbe Gioielli\",\"description\":\"Un nuovo sito targato WordPress\",\"potentialAction\":[{\"@type\":\"SearchAction\",\"target\":{\"@type\":\"EntryPoint\",\"urlTemplate\":\"https:\/\/giacobbegioielli.it\/?s={search_term_string}\"},\"query-input\":\"required name=search_term_string\"}],\"inLanguage\":\"en-GB\"}]}<\/script>\n<!-- \/ Yoast SEO plugin. -->","yoast_head_json":{"title":"Legami d'amore Bracciali in argento 925 - Giacobbe Gioielli","robots":{"index":"index","follow":"follow","max-snippet":"max-snippet:-1","max-image-preview":"max-image-preview:large","max-video-preview":"max-video-preview:-1"},"canonical":"https:\/\/giacobbegioielli.it\/en\/product\/legami-damore-bracciali-in-argento-925\/","og_locale":"en_GB","og_type":"article","og_title":"Legami d'amore Bracciali in argento 925 - Giacobbe Gioielli","og_description":"Il bracciale LEGAMI D&#8217;AMORE nasce per creare un legame indissolubile. Celebra una vera amicizia, un amore sincero un&#8217;emozione che ti stringe e non ti lascia mai. Saldato al tuo polso, lo porti sempre con te. &nbsp; &nbsp;https:\/\/giacobbegioielli.it\/legami-regolamento-evento\/&nbsp; &nbsp; Puoi creare &hellip; Leggi altro","og_url":"https:\/\/giacobbegioielli.it\/en\/product\/legami-damore-bracciali-in-argento-925\/","og_site_name":"Giacobbe Gioielli","article_modified_time":"2025-09-17T07:31:28+00:00","og_image":[{"width":2362,"height":2362,"url":"https:\/\/giacobbegioielli.it\/wp-content\/uploads\/2025\/03\/EV-LEG-ARG-000-14336.jpg","type":"image\/jpeg"}],"twitter_card":"summary_large_image","twitter_misc":{"Est. reading time":"1 minute"},"schema":{"@context":"https:\/\/schema.org","@graph":[{"@type":"WebPage","@id":"https:\/\/giacobbegioielli.it\/prodotto\/legami-damore-bracciali-in-argento-925\/","url":"https:\/\/giacobbegioielli.it\/prodotto\/legami-damore-bracciali-in-argento-925\/","name":"Legami d'amore Bracciali in argento 925 - Giacobbe Gioielli","isPartOf":{"@id":"https:\/\/giacobbegioielli.it\/#website"},"datePublished":"2024-08-27T15:38:39+00:00","dateModified":"2025-09-17T07:31:28+00:00","breadcrumb":{"@id":"https:\/\/giacobbegioielli.it\/prodotto\/legami-damore-bracciali-in-argento-925\/#breadcrumb"},"inLanguage":"en-GB","potentialAction":[{"@type":"ReadAction","target":["https:\/\/giacobbegioielli.it\/prodotto\/legami-damore-bracciali-in-argento-925\/"]}]},{"@type":"BreadcrumbList","@id":"https:\/\/giacobbegioielli.it\/prodotto\/legami-damore-bracciali-in-argento-925\/#breadcrumb","itemListElement":[{"@type":"ListItem","position":1,"name":"Home","item":"https:\/\/giacobbegioielli.it\/"},{"@type":"ListItem","position":2,"name":"Negozio","item":"https:\/\/giacobbegioielli.it\/negozio\/"},{"@type":"ListItem","position":3,"name":"Legami d&#8217;amore Bracciali in argento 925"}]},{"@type":"WebSite","@id":"https:\/\/giacobbegioielli.it\/#website","url":"https:\/\/giacobbegioielli.it\/","name":"Giacobbe Gioielli","description":"Un nuovo sito targato WordPress","potentialAction":[{"@type":"SearchAction","target":{"@type":"EntryPoint","urlTemplate":"https:\/\/giacobbegioielli.it\/?s={search_term_string}"},"query-input":"required name=search_term_string"}],"inLanguage":"en-GB"}]}},"_links":{"self":[{"href":"https:\/\/giacobbegioielli.it\/en\/wp-json\/wp\/v2\/product\/48499","targetHints":{"allow":["GET"]}}],"collection":[{"href":"https:\/\/giacobbegioielli.it\/en\/wp-json\/wp\/v2\/product"}],"about":[{"href":"https:\/\/giacobbegioielli.it\/en\/wp-json\/wp\/v2\/types\/product"}],"wp:featuredmedia":[{"embeddable":true,"href":"https:\/\/giacobbegioielli.it\/en\/wp-json\/wp\/v2\/media\/54288"}],"wp:attachment":[{"href":"https:\/\/giacobbegioielli.it\/en\/wp-json\/wp\/v2\/media?parent=48499"}],"wp:term":[{"taxonomy":"product_cat","embeddable":true,"href":"https:\/\/giacobbegioielli.it\/en\/wp-json\/wp\/v2\/product_cat?post=48499"},{"taxonomy":"product_tag","embeddable":true,"href":"https:\/\/giacobbegioielli.it\/en\/wp-json\/wp\/v2\/product_tag?post=48499"}],"curies":[{"name":"wp","href":"https:\/\/api.w.org\/{rel}","templated":true}]}}