{"id":42558,"date":"2021-11-30T11:25:07","date_gmt":"2021-11-30T10:25:07","guid":{"rendered":"https:\/\/giacobbegioielli.it\/prodotto\/cuore-stay-you-stay-true\/"},"modified":"2025-03-28T13:20:15","modified_gmt":"2025-03-28T12:20:15","slug":"cuore-stay-you-stay-true","status":"publish","type":"product","link":"https:\/\/giacobbegioielli.it\/en\/product\/cuore-stay-you-stay-true\/","title":{"rendered":"Cuore | Stay You Stay True"},"content":{"rendered":"<p>\n  Codice: 731939\n<\/p>\n<p>\n  &nbsp;\n<\/p>\n<p>\n  <b>Tu sei l&#8217;originale, la tua versione pi\u00f9 autentica. Sii te stessa, perch\u00e8 nessuna<br \/>\n  \u00e8 come te.<\/b>\n<\/p>\n<p>\n  &nbsp;\n<\/p>\n<p>\n  &nbsp;\n<\/p>\n<p>\n  <i>Bracciale in acciaio con catena groumette &#8220;comfort fit&#8221; e ciondolo satinato nero<br \/>\n  a cuore con rifinitura color oro giallo e cristallo.<\/i>\n<\/p>\n<p>\n  &nbsp;\n<\/p>\n<p>\n  &#8226; Il sistema &#8220;comfort fit&#8221; permette facilmente di adattare in modo confortevole<br \/>\n  ed elegante il bracciale al tuo polso. Scegli la lunghezza della catena pi\u00f9 adatta<br \/>\n  al tuo polso, agganciala ai due moschettoni e indossa il bracciale.\n<\/p>\n<p>\n  &#8226; Scritta in rilievo e cristallo sul ciondolo\n<\/p>\n<p>\n  &#8226; Dimensione del cuore: 15,5 x 20 mm\n<\/p>\n<p>\n  &#8226; Diametro del cristallo: 1,5 mm\n<\/p>\n<p>\n  &#8226; Dimensione della catena: 5,8 x 4,3 mm\n<\/p>\n<p>\n  &#8226; Chiusura con moschettoni e adattamento &#8220;comfort fit&#8221;\n<\/p>\n<p>\n  &#8226; Misura Small, lunghezza 16 cm; misura Medium, lunghezza 17,5 cm; misura<br \/>\n  Large, lunghezza 19 cm\n<\/p>\n<p>\n  &#8226; Materiale: Acciaio 316L con Pvd Nero e Pvd Oro, Cristallo<\/p>","protected":false},"excerpt":{"rendered":"<p>Codice: 731939 &nbsp; Tu sei l&#8217;originale, la tua versione pi\u00f9 autentica. Sii te stessa, perch\u00e8 nessuna \u00e8 come te. &nbsp; &nbsp; Bracciale in acciaio con catena groumette &#8220;comfort fit&#8221; e ciondolo satinato nero a cuore con rifinitura color oro giallo &hellip; <a class=\"kt-excerpt-readmore more-link\" href=\"https:\/\/giacobbegioielli.it\/en\/product\/cuore-stay-you-stay-true\/\" aria-label=\"Cuore | Stay You Stay True\">Leggi altro<\/a><\/p>","protected":false},"featured_media":53466,"template":"","meta":[],"product_cat":[1150,1147,1095,1168],"product_tag":[],"class_list":{"0":"post-42558","1":"product","2":"type-product","3":"status-publish","4":"has-post-thumbnail","6":"product_cat-bracciali-donna-donna-b","7":"product_cat-donna-b","8":"product_cat-kidult-life-collection","9":"product_cat-philosophybd-bracciali-donna-donna-b","11":"first","12":"instock","13":"taxable","14":"shipping-taxable","15":"purchasable","16":"product-type-simple"},"yoast_head":"<!-- This site is optimized with the Yoast SEO plugin v21.3 - https:\/\/yoast.com\/wordpress\/plugins\/seo\/ -->\n<title>Cuore | Stay You Stay True - Giacobbe Gioielli<\/title>\n<meta name=\"robots\" content=\"index, follow, max-snippet:-1, max-image-preview:large, max-video-preview:-1\" \/>\n<link rel=\"canonical\" href=\"https:\/\/giacobbegioielli.it\/en\/product\/cuore-stay-you-stay-true\/\" \/>\n<meta property=\"og:locale\" content=\"en_GB\" \/>\n<meta property=\"og:type\" content=\"article\" \/>\n<meta property=\"og:title\" content=\"Cuore | Stay You Stay True - Giacobbe Gioielli\" \/>\n<meta property=\"og:description\" content=\"Codice: 731939 &nbsp; Tu sei l&#8217;originale, la tua versione pi\u00f9 autentica. Sii te stessa, perch\u00e8 nessuna \u00e8 come te. &nbsp; &nbsp; Bracciale in acciaio con catena groumette &#8220;comfort fit&#8221; e ciondolo satinato nero a cuore con rifinitura color oro giallo &hellip; Leggi altro\" \/>\n<meta property=\"og:url\" content=\"https:\/\/giacobbegioielli.it\/en\/product\/cuore-stay-you-stay-true\/\" \/>\n<meta property=\"og:site_name\" content=\"Giacobbe Gioielli\" \/>\n<meta property=\"article:modified_time\" content=\"2025-03-28T12:20:15+00:00\" \/>\n<meta name=\"twitter:card\" content=\"summary_large_image\" \/>\n<meta name=\"twitter:label1\" content=\"Est. reading time\" \/>\n\t<meta name=\"twitter:data1\" content=\"1 minute\" \/>\n<script type=\"application\/ld+json\" class=\"yoast-schema-graph\">{\"@context\":\"https:\/\/schema.org\",\"@graph\":[{\"@type\":\"WebPage\",\"@id\":\"https:\/\/giacobbegioielli.it\/prodotto\/cuore-stay-you-stay-true\/\",\"url\":\"https:\/\/giacobbegioielli.it\/prodotto\/cuore-stay-you-stay-true\/\",\"name\":\"Cuore | Stay You Stay True - Giacobbe Gioielli\",\"isPartOf\":{\"@id\":\"https:\/\/giacobbegioielli.it\/#website\"},\"datePublished\":\"2021-11-30T10:25:07+00:00\",\"dateModified\":\"2025-03-28T12:20:15+00:00\",\"breadcrumb\":{\"@id\":\"https:\/\/giacobbegioielli.it\/prodotto\/cuore-stay-you-stay-true\/#breadcrumb\"},\"inLanguage\":\"en-GB\",\"potentialAction\":[{\"@type\":\"ReadAction\",\"target\":[\"https:\/\/giacobbegioielli.it\/prodotto\/cuore-stay-you-stay-true\/\"]}]},{\"@type\":\"BreadcrumbList\",\"@id\":\"https:\/\/giacobbegioielli.it\/prodotto\/cuore-stay-you-stay-true\/#breadcrumb\",\"itemListElement\":[{\"@type\":\"ListItem\",\"position\":1,\"name\":\"Home\",\"item\":\"https:\/\/giacobbegioielli.it\/\"},{\"@type\":\"ListItem\",\"position\":2,\"name\":\"Negozio\",\"item\":\"https:\/\/giacobbegioielli.it\/negozio\/\"},{\"@type\":\"ListItem\",\"position\":3,\"name\":\"Cuore | Stay You Stay True\"}]},{\"@type\":\"WebSite\",\"@id\":\"https:\/\/giacobbegioielli.it\/#website\",\"url\":\"https:\/\/giacobbegioielli.it\/\",\"name\":\"Giacobbe Gioielli\",\"description\":\"Un nuovo sito targato WordPress\",\"potentialAction\":[{\"@type\":\"SearchAction\",\"target\":{\"@type\":\"EntryPoint\",\"urlTemplate\":\"https:\/\/giacobbegioielli.it\/?s={search_term_string}\"},\"query-input\":\"required name=search_term_string\"}],\"inLanguage\":\"en-GB\"}]}<\/script>\n<!-- \/ Yoast SEO plugin. -->","yoast_head_json":{"title":"Cuore | Stay You Stay True - Giacobbe Gioielli","robots":{"index":"index","follow":"follow","max-snippet":"max-snippet:-1","max-image-preview":"max-image-preview:large","max-video-preview":"max-video-preview:-1"},"canonical":"https:\/\/giacobbegioielli.it\/en\/product\/cuore-stay-you-stay-true\/","og_locale":"en_GB","og_type":"article","og_title":"Cuore | Stay You Stay True - Giacobbe Gioielli","og_description":"Codice: 731939 &nbsp; Tu sei l&#8217;originale, la tua versione pi\u00f9 autentica. Sii te stessa, perch\u00e8 nessuna \u00e8 come te. &nbsp; &nbsp; Bracciale in acciaio con catena groumette &#8220;comfort fit&#8221; e ciondolo satinato nero a cuore con rifinitura color oro giallo &hellip; Leggi altro","og_url":"https:\/\/giacobbegioielli.it\/en\/product\/cuore-stay-you-stay-true\/","og_site_name":"Giacobbe Gioielli","article_modified_time":"2025-03-28T12:20:15+00:00","twitter_card":"summary_large_image","twitter_misc":{"Est. reading time":"1 minute"},"schema":{"@context":"https:\/\/schema.org","@graph":[{"@type":"WebPage","@id":"https:\/\/giacobbegioielli.it\/prodotto\/cuore-stay-you-stay-true\/","url":"https:\/\/giacobbegioielli.it\/prodotto\/cuore-stay-you-stay-true\/","name":"Cuore | Stay You Stay True - Giacobbe Gioielli","isPartOf":{"@id":"https:\/\/giacobbegioielli.it\/#website"},"datePublished":"2021-11-30T10:25:07+00:00","dateModified":"2025-03-28T12:20:15+00:00","breadcrumb":{"@id":"https:\/\/giacobbegioielli.it\/prodotto\/cuore-stay-you-stay-true\/#breadcrumb"},"inLanguage":"en-GB","potentialAction":[{"@type":"ReadAction","target":["https:\/\/giacobbegioielli.it\/prodotto\/cuore-stay-you-stay-true\/"]}]},{"@type":"BreadcrumbList","@id":"https:\/\/giacobbegioielli.it\/prodotto\/cuore-stay-you-stay-true\/#breadcrumb","itemListElement":[{"@type":"ListItem","position":1,"name":"Home","item":"https:\/\/giacobbegioielli.it\/"},{"@type":"ListItem","position":2,"name":"Negozio","item":"https:\/\/giacobbegioielli.it\/negozio\/"},{"@type":"ListItem","position":3,"name":"Cuore | Stay You Stay True"}]},{"@type":"WebSite","@id":"https:\/\/giacobbegioielli.it\/#website","url":"https:\/\/giacobbegioielli.it\/","name":"Giacobbe Gioielli","description":"Un nuovo sito targato WordPress","potentialAction":[{"@type":"SearchAction","target":{"@type":"EntryPoint","urlTemplate":"https:\/\/giacobbegioielli.it\/?s={search_term_string}"},"query-input":"required name=search_term_string"}],"inLanguage":"en-GB"}]}},"_links":{"self":[{"href":"https:\/\/giacobbegioielli.it\/en\/wp-json\/wp\/v2\/product\/42558","targetHints":{"allow":["GET"]}}],"collection":[{"href":"https:\/\/giacobbegioielli.it\/en\/wp-json\/wp\/v2\/product"}],"about":[{"href":"https:\/\/giacobbegioielli.it\/en\/wp-json\/wp\/v2\/types\/product"}],"wp:featuredmedia":[{"embeddable":true,"href":"https:\/\/giacobbegioielli.it\/en\/wp-json\/wp\/v2\/media\/53466"}],"wp:attachment":[{"href":"https:\/\/giacobbegioielli.it\/en\/wp-json\/wp\/v2\/media?parent=42558"}],"wp:term":[{"taxonomy":"product_cat","embeddable":true,"href":"https:\/\/giacobbegioielli.it\/en\/wp-json\/wp\/v2\/product_cat?post=42558"},{"taxonomy":"product_tag","embeddable":true,"href":"https:\/\/giacobbegioielli.it\/en\/wp-json\/wp\/v2\/product_tag?post=42558"}],"curies":[{"name":"wp","href":"https:\/\/api.w.org\/{rel}","templated":true}]}}