{"id":35257,"date":"2021-09-17T11:41:45","date_gmt":"2021-09-17T09:41:45","guid":{"rendered":"https:\/\/giacobbegioielli.it\/prodotto\/angelo-protezione-4\/"},"modified":"2025-07-26T18:52:58","modified_gmt":"2025-07-26T16:52:58","slug":"angelo-protezione","status":"publish","type":"product","link":"https:\/\/giacobbegioielli.it\/en\/product\/angelo-protezione\/","title":{"rendered":"Angelo | Protezione"},"content":{"rendered":"<p>\n  Codice prodotto: 731760\n<\/p>\n<p>\n  &nbsp;\n<\/p>\n<p>\n  <b>Con Lui al tuo fianco pi\u00f9 sicuro \u00e8 il sentiero del tuo cammino. Affronta la vita<br \/>\n  libero di seguire il tuo istinto perch\u00e9 avrai sempre accanto chi ti protegge.<\/b>\n<\/p>\n<p>\n  &nbsp;\n<\/p>\n<p>\n  &nbsp;\n<\/p>\n<p>\n  Bangle in acciaio con ciondolo ad angelo.\n<\/p>\n<p>\n  &nbsp;\n<\/p>\n<p>\n  &#8226; Incisione smaltata e cristallo sul ciondolo; incisione smaltata sulla chiusura\n<\/p>\n<p>\n  &#8226; Chiusura a ponte\n<\/p>\n<p>\n  &#8226; Misura unica, diametro 6 cm\n<\/p>\n<p>\n  &#8226; Materiale: Acciaio 316L, Cristallo\n<\/p>\n<p>\n  &#8226; Designed by Kidult in Italy<\/p>","protected":false},"excerpt":{"rendered":"<p>Codice prodotto: 731760<\/p>\n<p>  &nbsp;<\/p>\n<p>  Con Lui al tuo fianco pi\u00f9 sicuro \u00e8 il sentiero del tuo cammino. Affronta la vita<br \/>\n  libero di seguire il tuo istinto perch\u00e9 avrai sempre accanto chi ti protegge.<\/p>\n<p>  &nbsp;<\/p>\n<p>  &nbsp;<\/p>\n<p>  Bangle in acciaio con ciondolo ad angelo. <\/p>\n<p>  &nbsp;<\/p>\n<p>  &#8226; Incisione smaltata e cristallo sul cio&#8230;&hellip; <a class=\"kt-excerpt-readmore more-link\" href=\"https:\/\/giacobbegioielli.it\/en\/product\/angelo-protezione\/\" aria-label=\"Angelo | Protezione\">Leggi altro<\/a><\/p>","protected":false},"featured_media":52283,"template":"","meta":[],"product_cat":[1150,1147,1095,1241],"product_tag":[],"class_list":{"0":"post-35257","1":"product","2":"type-product","3":"status-publish","4":"has-post-thumbnail","6":"product_cat-bracciali-donna-donna-b","7":"product_cat-donna-b","8":"product_cat-kidult-life-collection","9":"product_cat-spiritualitybd","11":"first","12":"outofstock","13":"taxable","14":"shipping-taxable","15":"purchasable","16":"product-type-simple"},"yoast_head":"<!-- This site is optimized with the Yoast SEO plugin v21.3 - https:\/\/yoast.com\/wordpress\/plugins\/seo\/ -->\n<title>Angelo | Protezione - Giacobbe Gioielli<\/title>\n<meta name=\"robots\" content=\"index, follow, max-snippet:-1, max-image-preview:large, max-video-preview:-1\" \/>\n<link rel=\"canonical\" href=\"https:\/\/giacobbegioielli.it\/en\/product\/angelo-protezione\/\" \/>\n<meta property=\"og:locale\" content=\"en_GB\" \/>\n<meta property=\"og:type\" content=\"article\" \/>\n<meta property=\"og:title\" content=\"Angelo | Protezione - Giacobbe Gioielli\" \/>\n<meta property=\"og:description\" content=\"Codice prodotto: 731760   &nbsp;   Con Lui al tuo fianco pi\u00f9 sicuro \u00e8 il sentiero del tuo cammino. Affronta la vita  libero di seguire il tuo istinto perch\u00e9 avrai sempre accanto chi ti protegge.   &nbsp;   &nbsp;   Bangle in acciaio con ciondolo ad angelo.    &nbsp;   &#8226; Incisione smaltata e cristallo sul cio...&hellip; Leggi altro\" \/>\n<meta property=\"og:url\" content=\"https:\/\/giacobbegioielli.it\/en\/product\/angelo-protezione\/\" \/>\n<meta property=\"og:site_name\" content=\"Giacobbe Gioielli\" \/>\n<meta property=\"article:modified_time\" content=\"2025-07-26T16:52:58+00:00\" \/>\n<meta name=\"twitter:card\" content=\"summary_large_image\" \/>\n<script type=\"application\/ld+json\" class=\"yoast-schema-graph\">{\"@context\":\"https:\/\/schema.org\",\"@graph\":[{\"@type\":\"WebPage\",\"@id\":\"https:\/\/giacobbegioielli.it\/prodotto\/angelo-protezione\/\",\"url\":\"https:\/\/giacobbegioielli.it\/prodotto\/angelo-protezione\/\",\"name\":\"Angelo | Protezione - Giacobbe Gioielli\",\"isPartOf\":{\"@id\":\"https:\/\/giacobbegioielli.it\/#website\"},\"datePublished\":\"2021-09-17T09:41:45+00:00\",\"dateModified\":\"2025-07-26T16:52:58+00:00\",\"breadcrumb\":{\"@id\":\"https:\/\/giacobbegioielli.it\/prodotto\/angelo-protezione\/#breadcrumb\"},\"inLanguage\":\"en-GB\",\"potentialAction\":[{\"@type\":\"ReadAction\",\"target\":[\"https:\/\/giacobbegioielli.it\/prodotto\/angelo-protezione\/\"]}]},{\"@type\":\"BreadcrumbList\",\"@id\":\"https:\/\/giacobbegioielli.it\/prodotto\/angelo-protezione\/#breadcrumb\",\"itemListElement\":[{\"@type\":\"ListItem\",\"position\":1,\"name\":\"Home\",\"item\":\"https:\/\/giacobbegioielli.it\/\"},{\"@type\":\"ListItem\",\"position\":2,\"name\":\"Negozio\",\"item\":\"https:\/\/giacobbegioielli.it\/negozio\/\"},{\"@type\":\"ListItem\",\"position\":3,\"name\":\"Angelo | Protezione\"}]},{\"@type\":\"WebSite\",\"@id\":\"https:\/\/giacobbegioielli.it\/#website\",\"url\":\"https:\/\/giacobbegioielli.it\/\",\"name\":\"Giacobbe Gioielli\",\"description\":\"Un nuovo sito targato WordPress\",\"potentialAction\":[{\"@type\":\"SearchAction\",\"target\":{\"@type\":\"EntryPoint\",\"urlTemplate\":\"https:\/\/giacobbegioielli.it\/?s={search_term_string}\"},\"query-input\":\"required name=search_term_string\"}],\"inLanguage\":\"en-GB\"}]}<\/script>\n<!-- \/ Yoast SEO plugin. -->","yoast_head_json":{"title":"Angelo | Protezione - Giacobbe Gioielli","robots":{"index":"index","follow":"follow","max-snippet":"max-snippet:-1","max-image-preview":"max-image-preview:large","max-video-preview":"max-video-preview:-1"},"canonical":"https:\/\/giacobbegioielli.it\/en\/product\/angelo-protezione\/","og_locale":"en_GB","og_type":"article","og_title":"Angelo | Protezione - Giacobbe Gioielli","og_description":"Codice prodotto: 731760   &nbsp;   Con Lui al tuo fianco pi\u00f9 sicuro \u00e8 il sentiero del tuo cammino. Affronta la vita  libero di seguire il tuo istinto perch\u00e9 avrai sempre accanto chi ti protegge.   &nbsp;   &nbsp;   Bangle in acciaio con ciondolo ad angelo.    &nbsp;   &#8226; Incisione smaltata e cristallo sul cio...&hellip; Leggi altro","og_url":"https:\/\/giacobbegioielli.it\/en\/product\/angelo-protezione\/","og_site_name":"Giacobbe Gioielli","article_modified_time":"2025-07-26T16:52:58+00:00","twitter_card":"summary_large_image","schema":{"@context":"https:\/\/schema.org","@graph":[{"@type":"WebPage","@id":"https:\/\/giacobbegioielli.it\/prodotto\/angelo-protezione\/","url":"https:\/\/giacobbegioielli.it\/prodotto\/angelo-protezione\/","name":"Angelo | Protezione - Giacobbe Gioielli","isPartOf":{"@id":"https:\/\/giacobbegioielli.it\/#website"},"datePublished":"2021-09-17T09:41:45+00:00","dateModified":"2025-07-26T16:52:58+00:00","breadcrumb":{"@id":"https:\/\/giacobbegioielli.it\/prodotto\/angelo-protezione\/#breadcrumb"},"inLanguage":"en-GB","potentialAction":[{"@type":"ReadAction","target":["https:\/\/giacobbegioielli.it\/prodotto\/angelo-protezione\/"]}]},{"@type":"BreadcrumbList","@id":"https:\/\/giacobbegioielli.it\/prodotto\/angelo-protezione\/#breadcrumb","itemListElement":[{"@type":"ListItem","position":1,"name":"Home","item":"https:\/\/giacobbegioielli.it\/"},{"@type":"ListItem","position":2,"name":"Negozio","item":"https:\/\/giacobbegioielli.it\/negozio\/"},{"@type":"ListItem","position":3,"name":"Angelo | Protezione"}]},{"@type":"WebSite","@id":"https:\/\/giacobbegioielli.it\/#website","url":"https:\/\/giacobbegioielli.it\/","name":"Giacobbe Gioielli","description":"Un nuovo sito targato WordPress","potentialAction":[{"@type":"SearchAction","target":{"@type":"EntryPoint","urlTemplate":"https:\/\/giacobbegioielli.it\/?s={search_term_string}"},"query-input":"required name=search_term_string"}],"inLanguage":"en-GB"}]}},"_links":{"self":[{"href":"https:\/\/giacobbegioielli.it\/en\/wp-json\/wp\/v2\/product\/35257","targetHints":{"allow":["GET"]}}],"collection":[{"href":"https:\/\/giacobbegioielli.it\/en\/wp-json\/wp\/v2\/product"}],"about":[{"href":"https:\/\/giacobbegioielli.it\/en\/wp-json\/wp\/v2\/types\/product"}],"wp:featuredmedia":[{"embeddable":true,"href":"https:\/\/giacobbegioielli.it\/en\/wp-json\/wp\/v2\/media\/52283"}],"wp:attachment":[{"href":"https:\/\/giacobbegioielli.it\/en\/wp-json\/wp\/v2\/media?parent=35257"}],"wp:term":[{"taxonomy":"product_cat","embeddable":true,"href":"https:\/\/giacobbegioielli.it\/en\/wp-json\/wp\/v2\/product_cat?post=35257"},{"taxonomy":"product_tag","embeddable":true,"href":"https:\/\/giacobbegioielli.it\/en\/wp-json\/wp\/v2\/product_tag?post=35257"}],"curies":[{"name":"wp","href":"https:\/\/api.w.org\/{rel}","templated":true}]}}