{"id":18065,"date":"2021-02-17T13:15:57","date_gmt":"2021-02-17T12:15:57","guid":{"rendered":"https:\/\/giacobbegioielli.it\/prodotto\/teachers-plant-seeds-that-grow-forever-2\/"},"modified":"2025-03-28T18:41:32","modified_gmt":"2025-03-28T17:41:32","slug":"teachers-plant-seeds-that-grow-forever-2","status":"publish","type":"product","link":"https:\/\/giacobbegioielli.it\/en\/product\/teachers-plant-seeds-that-grow-forever-2\/","title":{"rendered":"Teachers Plant Seeds That Grow Forever"},"content":{"rendered":"<p>\n  Codice prodotto: 731644\n<\/p>\n<p>\n  &nbsp;\n<\/p>\n<p>\n  <b>Ogni studente \u00e8 un germoglio. Ogni insegnante \u00e8 l&#8217;acqua che pu\u00f2 farlo crescere<br \/>\n  per sempre.<\/b>\n<\/p>\n<p>\n  <b>&#8220;Teachers plant seeds that grow forever&#8221;<\/b>\n<\/p>\n<p>\n  <i>&#8220;Gli insegnanti piantano semi che cresceranno per sempre&#8221;<\/i>\n<\/p>\n<p>\n  &nbsp;\n<\/p>\n<p>\n  &nbsp;\n<\/p>\n<p>\n  Bangle in acciaio color oro rosa con ciondolo piastra tonda.\n<\/p>\n<p>\n  &nbsp;\n<\/p>\n<p>\n  &#8226; Incisione smaltata sul ciondolo e cristallo sul retro\n<\/p>\n<p>\n  &#8226; Chiusura tonda\n<\/p>\n<p>\n  &#8226; Misura unica, diametro 6 cm\n<\/p>\n<p>\n  &#8226; Materiale: Acciaio 316L con Pvd Oro Rosa, Cristallo\n<\/p>\n<p>\n  &#8226; Designed by Kidult in Italy<\/p>","protected":false},"excerpt":{"rendered":"<p>Codice prodotto: 731644<\/p>\n<p>  &nbsp;<\/p>\n<p>  Ogni studente \u00e8 un germoglio. Ogni insegnante \u00e8 l&#8217;acqua che pu\u00f2 farlo crescere<br \/>\n  per sempre. <\/p>\n<p>  &#8220;Teachers plant seeds that grow forever&#8221; <\/p>\n<p>  &#8220;Gli insegnanti piantano semi che cresceranno per sempre&#8221; <\/p>\n<p>  &nbsp;<\/p>\n<p>  &nbsp;<\/p>\n<p>  Bangle in acciaio color oro rosa con ciondolo piastra ton&#8230;&hellip; <a class=\"kt-excerpt-readmore more-link\" href=\"https:\/\/giacobbegioielli.it\/en\/product\/teachers-plant-seeds-that-grow-forever-2\/\" aria-label=\"Teachers Plant Seeds That Grow Forever\">Leggi altro<\/a><\/p>","protected":false},"featured_media":0,"template":"","meta":[],"product_cat":[1150,1147,1095,1151],"product_tag":[],"class_list":{"0":"post-18065","1":"product","2":"type-product","3":"status-publish","5":"product_cat-bracciali-donna-donna-b","6":"product_cat-donna-b","7":"product_cat-kidult-life-collection","8":"product_cat-lovebd-bracciali-donna-donna-b","10":"first","11":"instock","12":"taxable","13":"shipping-taxable","14":"purchasable","15":"product-type-simple"},"yoast_head":"<!-- This site is optimized with the Yoast SEO plugin v21.3 - https:\/\/yoast.com\/wordpress\/plugins\/seo\/ -->\n<title>Teachers Plant Seeds That Grow Forever - Giacobbe Gioielli<\/title>\n<meta name=\"robots\" content=\"index, follow, max-snippet:-1, max-image-preview:large, max-video-preview:-1\" \/>\n<link rel=\"canonical\" href=\"https:\/\/giacobbegioielli.it\/en\/product\/teachers-plant-seeds-that-grow-forever-2\/\" \/>\n<meta property=\"og:locale\" content=\"en_GB\" \/>\n<meta property=\"og:type\" content=\"article\" \/>\n<meta property=\"og:title\" content=\"Teachers Plant Seeds That Grow Forever - Giacobbe Gioielli\" \/>\n<meta property=\"og:description\" content=\"Codice prodotto: 731644   &nbsp;   Ogni studente \u00e8 un germoglio. Ogni insegnante \u00e8 l&#039;acqua che pu\u00f2 farlo crescere  per sempre.    &quot;Teachers plant seeds that grow forever&quot;    &quot;Gli insegnanti piantano semi che cresceranno per sempre&quot;    &nbsp;   &nbsp;   Bangle in acciaio color oro rosa con ciondolo piastra ton...&hellip; Leggi altro\" \/>\n<meta property=\"og:url\" content=\"https:\/\/giacobbegioielli.it\/en\/product\/teachers-plant-seeds-that-grow-forever-2\/\" \/>\n<meta property=\"og:site_name\" content=\"Giacobbe Gioielli\" \/>\n<meta property=\"article:modified_time\" content=\"2025-03-28T17:41:32+00:00\" \/>\n<meta property=\"og:image\" content=\"https:\/\/giacobbegioielli.it\/wp-content\/uploads\/2021\/09\/731644-000-936.jpg\" \/>\n\t<meta property=\"og:image:width\" content=\"1200\" \/>\n\t<meta property=\"og:image:height\" content=\"1200\" \/>\n\t<meta property=\"og:image:type\" content=\"image\/jpeg\" \/>\n<meta name=\"twitter:card\" content=\"summary_large_image\" \/>\n<script type=\"application\/ld+json\" class=\"yoast-schema-graph\">{\"@context\":\"https:\/\/schema.org\",\"@graph\":[{\"@type\":\"WebPage\",\"@id\":\"https:\/\/giacobbegioielli.it\/prodotto\/teachers-plant-seeds-that-grow-forever-2\/\",\"url\":\"https:\/\/giacobbegioielli.it\/prodotto\/teachers-plant-seeds-that-grow-forever-2\/\",\"name\":\"Teachers Plant Seeds That Grow Forever - Giacobbe Gioielli\",\"isPartOf\":{\"@id\":\"https:\/\/giacobbegioielli.it\/#website\"},\"datePublished\":\"2021-02-17T12:15:57+00:00\",\"dateModified\":\"2025-03-28T17:41:32+00:00\",\"breadcrumb\":{\"@id\":\"https:\/\/giacobbegioielli.it\/prodotto\/teachers-plant-seeds-that-grow-forever-2\/#breadcrumb\"},\"inLanguage\":\"en-GB\",\"potentialAction\":[{\"@type\":\"ReadAction\",\"target\":[\"https:\/\/giacobbegioielli.it\/prodotto\/teachers-plant-seeds-that-grow-forever-2\/\"]}]},{\"@type\":\"BreadcrumbList\",\"@id\":\"https:\/\/giacobbegioielli.it\/prodotto\/teachers-plant-seeds-that-grow-forever-2\/#breadcrumb\",\"itemListElement\":[{\"@type\":\"ListItem\",\"position\":1,\"name\":\"Home\",\"item\":\"https:\/\/giacobbegioielli.it\/\"},{\"@type\":\"ListItem\",\"position\":2,\"name\":\"Negozio\",\"item\":\"https:\/\/giacobbegioielli.it\/negozio\/\"},{\"@type\":\"ListItem\",\"position\":3,\"name\":\"Teachers Plant Seeds That Grow Forever\"}]},{\"@type\":\"WebSite\",\"@id\":\"https:\/\/giacobbegioielli.it\/#website\",\"url\":\"https:\/\/giacobbegioielli.it\/\",\"name\":\"Giacobbe Gioielli\",\"description\":\"Un nuovo sito targato WordPress\",\"potentialAction\":[{\"@type\":\"SearchAction\",\"target\":{\"@type\":\"EntryPoint\",\"urlTemplate\":\"https:\/\/giacobbegioielli.it\/?s={search_term_string}\"},\"query-input\":\"required name=search_term_string\"}],\"inLanguage\":\"en-GB\"}]}<\/script>\n<!-- \/ Yoast SEO plugin. -->","yoast_head_json":{"title":"Teachers Plant Seeds That Grow Forever - Giacobbe Gioielli","robots":{"index":"index","follow":"follow","max-snippet":"max-snippet:-1","max-image-preview":"max-image-preview:large","max-video-preview":"max-video-preview:-1"},"canonical":"https:\/\/giacobbegioielli.it\/en\/product\/teachers-plant-seeds-that-grow-forever-2\/","og_locale":"en_GB","og_type":"article","og_title":"Teachers Plant Seeds That Grow Forever - Giacobbe Gioielli","og_description":"Codice prodotto: 731644   &nbsp;   Ogni studente \u00e8 un germoglio. Ogni insegnante \u00e8 l'acqua che pu\u00f2 farlo crescere  per sempre.    \"Teachers plant seeds that grow forever\"    \"Gli insegnanti piantano semi che cresceranno per sempre\"    &nbsp;   &nbsp;   Bangle in acciaio color oro rosa con ciondolo piastra ton...&hellip; Leggi altro","og_url":"https:\/\/giacobbegioielli.it\/en\/product\/teachers-plant-seeds-that-grow-forever-2\/","og_site_name":"Giacobbe Gioielli","article_modified_time":"2025-03-28T17:41:32+00:00","og_image":[{"width":1200,"height":1200,"url":"https:\/\/giacobbegioielli.it\/wp-content\/uploads\/2021\/09\/731644-000-936.jpg","type":"image\/jpeg"}],"twitter_card":"summary_large_image","schema":{"@context":"https:\/\/schema.org","@graph":[{"@type":"WebPage","@id":"https:\/\/giacobbegioielli.it\/prodotto\/teachers-plant-seeds-that-grow-forever-2\/","url":"https:\/\/giacobbegioielli.it\/prodotto\/teachers-plant-seeds-that-grow-forever-2\/","name":"Teachers Plant Seeds That Grow Forever - Giacobbe Gioielli","isPartOf":{"@id":"https:\/\/giacobbegioielli.it\/#website"},"datePublished":"2021-02-17T12:15:57+00:00","dateModified":"2025-03-28T17:41:32+00:00","breadcrumb":{"@id":"https:\/\/giacobbegioielli.it\/prodotto\/teachers-plant-seeds-that-grow-forever-2\/#breadcrumb"},"inLanguage":"en-GB","potentialAction":[{"@type":"ReadAction","target":["https:\/\/giacobbegioielli.it\/prodotto\/teachers-plant-seeds-that-grow-forever-2\/"]}]},{"@type":"BreadcrumbList","@id":"https:\/\/giacobbegioielli.it\/prodotto\/teachers-plant-seeds-that-grow-forever-2\/#breadcrumb","itemListElement":[{"@type":"ListItem","position":1,"name":"Home","item":"https:\/\/giacobbegioielli.it\/"},{"@type":"ListItem","position":2,"name":"Negozio","item":"https:\/\/giacobbegioielli.it\/negozio\/"},{"@type":"ListItem","position":3,"name":"Teachers Plant Seeds That Grow Forever"}]},{"@type":"WebSite","@id":"https:\/\/giacobbegioielli.it\/#website","url":"https:\/\/giacobbegioielli.it\/","name":"Giacobbe Gioielli","description":"Un nuovo sito targato WordPress","potentialAction":[{"@type":"SearchAction","target":{"@type":"EntryPoint","urlTemplate":"https:\/\/giacobbegioielli.it\/?s={search_term_string}"},"query-input":"required name=search_term_string"}],"inLanguage":"en-GB"}]}},"_links":{"self":[{"href":"https:\/\/giacobbegioielli.it\/en\/wp-json\/wp\/v2\/product\/18065","targetHints":{"allow":["GET"]}}],"collection":[{"href":"https:\/\/giacobbegioielli.it\/en\/wp-json\/wp\/v2\/product"}],"about":[{"href":"https:\/\/giacobbegioielli.it\/en\/wp-json\/wp\/v2\/types\/product"}],"wp:attachment":[{"href":"https:\/\/giacobbegioielli.it\/en\/wp-json\/wp\/v2\/media?parent=18065"}],"wp:term":[{"taxonomy":"product_cat","embeddable":true,"href":"https:\/\/giacobbegioielli.it\/en\/wp-json\/wp\/v2\/product_cat?post=18065"},{"taxonomy":"product_tag","embeddable":true,"href":"https:\/\/giacobbegioielli.it\/en\/wp-json\/wp\/v2\/product_tag?post=18065"}],"curies":[{"name":"wp","href":"https:\/\/api.w.org\/{rel}","templated":true}]}}