{"id":18020,"date":"2021-02-17T13:10:28","date_gmt":"2021-02-17T12:10:28","guid":{"rendered":"https:\/\/giacobbegioielli.it\/prodotto\/albero-amore-3\/"},"modified":"2025-03-28T11:22:20","modified_gmt":"2025-03-28T10:22:20","slug":"albero-amore","status":"publish","type":"product","link":"https:\/\/giacobbegioielli.it\/en\/product\/albero-amore\/","title":{"rendered":"Albero | Amore"},"content":{"rendered":"<p>\n  Codice prodotto: 731838\n<\/p>\n<p>\n  &nbsp;\n<\/p>\n<p>\n  <b>&#8220;L&#8217;amore, una volta sbocciato mette radici che non smettono pi\u00f9 di crescere.&#8221;<\/b>\n<\/p>\n<p>\n  <b>&#8211; A. de Saint-Exup\u00e9ry &#8211;<\/b>\n<\/p>\n<p>\n  &nbsp;\n<\/p>\n<p>\n  &nbsp;\n<\/p>\n<p>\n  Bracciale in acciaio con ciondolo ad albero e catena rol\u00f2 con inserimenti in smalto<br \/>\n  bianco.\n<\/p>\n<p>\n  &nbsp;\n<\/p>\n<p>\n  &#8226; Incisione smaltata e cristallo sul ciondolo; inserimenti in smalto sulla<br \/>\n  catena\n<\/p>\n<p>\n  &#8226; Chiusura con moschettone\n<\/p>\n<p>\n  &#8226; Misura regolabile, lunghezza da 16 cm a 19 cm\n<\/p>\n<p>\n  &#8226; Materiale: Acciaio 316L, Smalto, Cristallo\n<\/p>\n<p>\n  &#8226; Designed by Kidult in Italy<\/p>","protected":false},"excerpt":{"rendered":"<p>Codice prodotto: 731838<\/p>\n<p>  &nbsp;<\/p>\n<p>  &#8220;L&#8217;amore, una volta sbocciato mette radici che non smettono pi\u00f9 di crescere.&#8221;<\/p>\n<p>  &#8211; A. de Saint-Exup\u00e9ry &#8211; <\/p>\n<p>  &nbsp;<\/p>\n<p>  &nbsp;<\/p>\n<p>  Bracciale in acciaio con ciondolo ad albero e catena rol\u00f2 con inserimenti in smalto<br \/>\n  bianco. <\/p>\n<p>  &nbsp;<\/p>\n<p>  &#8226; Incisione smaltata e cristallo sul c&#8230;&hellip; <a class=\"kt-excerpt-readmore more-link\" href=\"https:\/\/giacobbegioielli.it\/en\/product\/albero-amore\/\" aria-label=\"Albero | Amore\">Leggi altro<\/a><\/p>","protected":false},"featured_media":52031,"template":"","meta":[],"product_cat":[1150,1147,1095,1157],"product_tag":[],"class_list":{"0":"post-18020","1":"product","2":"type-product","3":"status-publish","4":"has-post-thumbnail","6":"product_cat-bracciali-donna-donna-b","7":"product_cat-donna-b","8":"product_cat-kidult-life-collection","9":"product_cat-naturebd-bracciali-donna-donna-b","11":"first","12":"instock","13":"taxable","14":"shipping-taxable","15":"purchasable","16":"product-type-simple"},"yoast_head":"<!-- This site is optimized with the Yoast SEO plugin v21.3 - https:\/\/yoast.com\/wordpress\/plugins\/seo\/ -->\n<title>Albero | Amore - Giacobbe Gioielli<\/title>\n<meta name=\"robots\" content=\"index, follow, max-snippet:-1, max-image-preview:large, max-video-preview:-1\" \/>\n<link rel=\"canonical\" href=\"https:\/\/giacobbegioielli.it\/en\/product\/albero-amore\/\" \/>\n<meta property=\"og:locale\" content=\"en_GB\" \/>\n<meta property=\"og:type\" content=\"article\" \/>\n<meta property=\"og:title\" content=\"Albero | Amore - Giacobbe Gioielli\" \/>\n<meta property=\"og:description\" content=\"Codice prodotto: 731838   &nbsp;   &quot;L&#039;amore, una volta sbocciato mette radici che non smettono pi\u00f9 di crescere.&quot;   - A. de Saint-Exup\u00e9ry -    &nbsp;   &nbsp;   Bracciale in acciaio con ciondolo ad albero e catena rol\u00f2 con inserimenti in smalto  bianco.    &nbsp;   &#8226; Incisione smaltata e cristallo sul c...&hellip; Leggi altro\" \/>\n<meta property=\"og:url\" content=\"https:\/\/giacobbegioielli.it\/en\/product\/albero-amore\/\" \/>\n<meta property=\"og:site_name\" content=\"Giacobbe Gioielli\" \/>\n<meta property=\"article:modified_time\" content=\"2025-03-28T10:22:20+00:00\" \/>\n<meta property=\"og:image\" content=\"https:\/\/giacobbegioielli.it\/wp-content\/uploads\/2021\/09\/731838-000-2548.jpg\" \/>\n\t<meta property=\"og:image:width\" content=\"1200\" \/>\n\t<meta property=\"og:image:height\" content=\"1200\" \/>\n\t<meta property=\"og:image:type\" content=\"image\/jpeg\" \/>\n<meta name=\"twitter:card\" content=\"summary_large_image\" \/>\n<script type=\"application\/ld+json\" class=\"yoast-schema-graph\">{\"@context\":\"https:\/\/schema.org\",\"@graph\":[{\"@type\":\"WebPage\",\"@id\":\"https:\/\/giacobbegioielli.it\/prodotto\/albero-amore\/\",\"url\":\"https:\/\/giacobbegioielli.it\/prodotto\/albero-amore\/\",\"name\":\"Albero | Amore - Giacobbe Gioielli\",\"isPartOf\":{\"@id\":\"https:\/\/giacobbegioielli.it\/#website\"},\"datePublished\":\"2021-02-17T12:10:28+00:00\",\"dateModified\":\"2025-03-28T10:22:20+00:00\",\"breadcrumb\":{\"@id\":\"https:\/\/giacobbegioielli.it\/prodotto\/albero-amore\/#breadcrumb\"},\"inLanguage\":\"en-GB\",\"potentialAction\":[{\"@type\":\"ReadAction\",\"target\":[\"https:\/\/giacobbegioielli.it\/prodotto\/albero-amore\/\"]}]},{\"@type\":\"BreadcrumbList\",\"@id\":\"https:\/\/giacobbegioielli.it\/prodotto\/albero-amore\/#breadcrumb\",\"itemListElement\":[{\"@type\":\"ListItem\",\"position\":1,\"name\":\"Home\",\"item\":\"https:\/\/giacobbegioielli.it\/\"},{\"@type\":\"ListItem\",\"position\":2,\"name\":\"Negozio\",\"item\":\"https:\/\/giacobbegioielli.it\/negozio\/\"},{\"@type\":\"ListItem\",\"position\":3,\"name\":\"Albero | Amore\"}]},{\"@type\":\"WebSite\",\"@id\":\"https:\/\/giacobbegioielli.it\/#website\",\"url\":\"https:\/\/giacobbegioielli.it\/\",\"name\":\"Giacobbe Gioielli\",\"description\":\"Un nuovo sito targato WordPress\",\"potentialAction\":[{\"@type\":\"SearchAction\",\"target\":{\"@type\":\"EntryPoint\",\"urlTemplate\":\"https:\/\/giacobbegioielli.it\/?s={search_term_string}\"},\"query-input\":\"required name=search_term_string\"}],\"inLanguage\":\"en-GB\"}]}<\/script>\n<!-- \/ Yoast SEO plugin. -->","yoast_head_json":{"title":"Albero | Amore - Giacobbe Gioielli","robots":{"index":"index","follow":"follow","max-snippet":"max-snippet:-1","max-image-preview":"max-image-preview:large","max-video-preview":"max-video-preview:-1"},"canonical":"https:\/\/giacobbegioielli.it\/en\/product\/albero-amore\/","og_locale":"en_GB","og_type":"article","og_title":"Albero | Amore - Giacobbe Gioielli","og_description":"Codice prodotto: 731838   &nbsp;   \"L'amore, una volta sbocciato mette radici che non smettono pi\u00f9 di crescere.\"   - A. de Saint-Exup\u00e9ry -    &nbsp;   &nbsp;   Bracciale in acciaio con ciondolo ad albero e catena rol\u00f2 con inserimenti in smalto  bianco.    &nbsp;   &#8226; Incisione smaltata e cristallo sul c...&hellip; Leggi altro","og_url":"https:\/\/giacobbegioielli.it\/en\/product\/albero-amore\/","og_site_name":"Giacobbe Gioielli","article_modified_time":"2025-03-28T10:22:20+00:00","og_image":[{"width":1200,"height":1200,"url":"https:\/\/giacobbegioielli.it\/wp-content\/uploads\/2021\/09\/731838-000-2548.jpg","type":"image\/jpeg"}],"twitter_card":"summary_large_image","schema":{"@context":"https:\/\/schema.org","@graph":[{"@type":"WebPage","@id":"https:\/\/giacobbegioielli.it\/prodotto\/albero-amore\/","url":"https:\/\/giacobbegioielli.it\/prodotto\/albero-amore\/","name":"Albero | Amore - Giacobbe Gioielli","isPartOf":{"@id":"https:\/\/giacobbegioielli.it\/#website"},"datePublished":"2021-02-17T12:10:28+00:00","dateModified":"2025-03-28T10:22:20+00:00","breadcrumb":{"@id":"https:\/\/giacobbegioielli.it\/prodotto\/albero-amore\/#breadcrumb"},"inLanguage":"en-GB","potentialAction":[{"@type":"ReadAction","target":["https:\/\/giacobbegioielli.it\/prodotto\/albero-amore\/"]}]},{"@type":"BreadcrumbList","@id":"https:\/\/giacobbegioielli.it\/prodotto\/albero-amore\/#breadcrumb","itemListElement":[{"@type":"ListItem","position":1,"name":"Home","item":"https:\/\/giacobbegioielli.it\/"},{"@type":"ListItem","position":2,"name":"Negozio","item":"https:\/\/giacobbegioielli.it\/negozio\/"},{"@type":"ListItem","position":3,"name":"Albero | Amore"}]},{"@type":"WebSite","@id":"https:\/\/giacobbegioielli.it\/#website","url":"https:\/\/giacobbegioielli.it\/","name":"Giacobbe Gioielli","description":"Un nuovo sito targato WordPress","potentialAction":[{"@type":"SearchAction","target":{"@type":"EntryPoint","urlTemplate":"https:\/\/giacobbegioielli.it\/?s={search_term_string}"},"query-input":"required name=search_term_string"}],"inLanguage":"en-GB"}]}},"_links":{"self":[{"href":"https:\/\/giacobbegioielli.it\/en\/wp-json\/wp\/v2\/product\/18020","targetHints":{"allow":["GET"]}}],"collection":[{"href":"https:\/\/giacobbegioielli.it\/en\/wp-json\/wp\/v2\/product"}],"about":[{"href":"https:\/\/giacobbegioielli.it\/en\/wp-json\/wp\/v2\/types\/product"}],"wp:featuredmedia":[{"embeddable":true,"href":"https:\/\/giacobbegioielli.it\/en\/wp-json\/wp\/v2\/media\/52031"}],"wp:attachment":[{"href":"https:\/\/giacobbegioielli.it\/en\/wp-json\/wp\/v2\/media?parent=18020"}],"wp:term":[{"taxonomy":"product_cat","embeddable":true,"href":"https:\/\/giacobbegioielli.it\/en\/wp-json\/wp\/v2\/product_cat?post=18020"},{"taxonomy":"product_tag","embeddable":true,"href":"https:\/\/giacobbegioielli.it\/en\/wp-json\/wp\/v2\/product_tag?post=18020"}],"curies":[{"name":"wp","href":"https:\/\/api.w.org\/{rel}","templated":true}]}}